{"id":15717,"date":"2025-05-05T09:53:47","date_gmt":"2025-05-05T07:53:47","guid":{"rendered":"https:\/\/www.b-w-international.com\/produkt\/wheel-bag-tex-55-duo-bw-double-wheel-guard-m\/"},"modified":"2025-07-29T13:59:20","modified_gmt":"2025-07-29T11:59:20","slug":"wheel-bag-tex-55-duo-double-wheel-guard-m","status":"publish","type":"product","link":"https:\/\/www.b-w-international.com\/fr\/produkt\/wheel-bag-tex-55-duo-double-wheel-guard-m\/","title":{"rendered":"wheel.bag TEX.55 duo | B&amp;W double wheel.guard M"},"content":{"rendered":"<div>\n<ul>\n<li>Diam\u00e8tre : 690 mm<\/li>\n<li>Pour deux roues jusqu&rsquo;\u00e0 29<\/li>\n<li>Mati\u00e8re : polyester<\/li>\n<li>Couleur : noir<\/li>\n<li>Trois poches int\u00e9rieures<\/li>\n<li>Bandouli\u00e8re incluse<\/li>\n<\/ul>\n<\/div>\n<div style=\"display:flex; gap:10px;justify-content:center\" class=\"wps-pgfw-pdf-generate-icon__wrapper-frontend\">\n\t\t<a  href=\"https:\/\/www.b-w-international.com\/fr\/wp-json\/wp\/v2\/product\/15717\/?action=genpdf&amp;id=15717\" class=\"pgfw-single-pdf-download-button\" target=_blank><img src=\"https:\/\/www.b-w-international.com\/wp-content\/uploads\/2025\/03\/icon-download.svg\" title=\"G\u00e9n\u00e9rer un PDF\" style=\"width:auto; height:45px;\"><\/a>\n\t\t<\/div>","protected":false},"excerpt":{"rendered":"<p>Diam\u00e8tre : 690 mm Pour deux roues jusqu&rsquo;\u00e0 29 Mati\u00e8re : polyester Couleur : noir Trois poches int\u00e9rieures Bandouli\u00e8re incluse<\/p>\n","protected":false},"featured_media":14269,"template":"","meta":{"_acf_changed":false},"product_brand":[],"product_cat":[216,411],"product_tag":[],"class_list":{"0":"post-15717","1":"product","2":"type-product","3":"status-publish","4":"has-post-thumbnail","6":"product_features-aptitude-au-vol","7":"product_features-garantie-de-2-ans","8":"product_cat-accessoires-velo","9":"product_cat-valises-et-sacs-pour-le-transport-de-velos","10":"pa_farbe-noir","12":"first","13":"instock","14":"product-type-simple"},"acf":[],"yoast_head":"<title>wheel.bag TEX.55 duo | B&amp;W double wheel.guard M - B&amp;W International<\/title>\n<meta name=\"robots\" content=\"index, follow, max-snippet:-1, max-image-preview:large, max-video-preview:-1\" \/>\n<link rel=\"canonical\" href=\"https:\/\/www.b-w-international.com\/fr\/produkt\/wheel-bag-tex-55-duo-double-wheel-guard-m\/\" \/>\n<meta property=\"og:locale\" content=\"fr_FR\" \/>\n<meta property=\"og:type\" content=\"article\" \/>\n<meta property=\"og:title\" content=\"wheel.bag TEX.55 duo | B&amp;W double wheel.guard M - B&amp;W International\" \/>\n<meta property=\"og:description\" content=\"Diam\u00e8tre : 690 mm Pour deux roues jusqu&rsquo;\u00e0 29 Mati\u00e8re : polyester Couleur : noir Trois poches int\u00e9rieures Bandouli\u00e8re incluse\" \/>\n<meta property=\"og:url\" content=\"https:\/\/www.b-w-international.com\/fr\/produkt\/wheel-bag-tex-55-duo-double-wheel-guard-m\/\" \/>\n<meta property=\"og:site_name\" content=\"B&amp;W International\" \/>\n<meta property=\"article:modified_time\" content=\"2025-07-29T11:59:20+00:00\" \/>\n<meta property=\"og:image\" content=\"https:\/\/www.b-w-international.com\/wp-content\/uploads\/2025\/05\/double-wheel-guard_M_tex-55_closed_bw-international.jpg\" \/>\n\t<meta property=\"og:image:width\" content=\"1920\" \/>\n\t<meta property=\"og:image:height\" content=\"1920\" \/>\n\t<meta property=\"og:image:type\" content=\"image\/jpeg\" \/>\n<meta name=\"twitter:card\" content=\"summary_large_image\" \/>\n<meta name=\"twitter:label1\" content=\"Dur\u00e9e de lecture estim\u00e9e\" \/>\n\t<meta name=\"twitter:data1\" content=\"1 minute\" \/>\n<script type=\"application\/ld+json\" class=\"yoast-schema-graph\">{\"@context\":\"https:\\\/\\\/schema.org\",\"@graph\":[{\"@type\":\"WebPage\",\"@id\":\"https:\\\/\\\/www.b-w-international.com\\\/fr\\\/produkt\\\/wheel-bag-tex-55-duo-double-wheel-guard-m\\\/\",\"url\":\"https:\\\/\\\/www.b-w-international.com\\\/fr\\\/produkt\\\/wheel-bag-tex-55-duo-double-wheel-guard-m\\\/\",\"name\":\"wheel.bag TEX.55 duo | B&amp;W double wheel.guard M - B&amp;W International\",\"isPartOf\":{\"@id\":\"https:\\\/\\\/www.b-w-international.com\\\/fr\\\/#website\"},\"primaryImageOfPage\":{\"@id\":\"https:\\\/\\\/www.b-w-international.com\\\/fr\\\/produkt\\\/wheel-bag-tex-55-duo-double-wheel-guard-m\\\/#primaryimage\"},\"image\":{\"@id\":\"https:\\\/\\\/www.b-w-international.com\\\/fr\\\/produkt\\\/wheel-bag-tex-55-duo-double-wheel-guard-m\\\/#primaryimage\"},\"thumbnailUrl\":\"https:\\\/\\\/www.b-w-international.com\\\/wp-content\\\/uploads\\\/2025\\\/05\\\/double-wheel-guard_M_tex-55_closed_bw-international.jpg\",\"datePublished\":\"2025-05-05T07:53:47+00:00\",\"dateModified\":\"2025-07-29T11:59:20+00:00\",\"breadcrumb\":{\"@id\":\"https:\\\/\\\/www.b-w-international.com\\\/fr\\\/produkt\\\/wheel-bag-tex-55-duo-double-wheel-guard-m\\\/#breadcrumb\"},\"inLanguage\":\"fr-FR\",\"potentialAction\":[{\"@type\":\"ReadAction\",\"target\":[\"https:\\\/\\\/www.b-w-international.com\\\/fr\\\/produkt\\\/wheel-bag-tex-55-duo-double-wheel-guard-m\\\/\"]}]},{\"@type\":\"ImageObject\",\"inLanguage\":\"fr-FR\",\"@id\":\"https:\\\/\\\/www.b-w-international.com\\\/fr\\\/produkt\\\/wheel-bag-tex-55-duo-double-wheel-guard-m\\\/#primaryimage\",\"url\":\"https:\\\/\\\/www.b-w-international.com\\\/wp-content\\\/uploads\\\/2025\\\/05\\\/double-wheel-guard_M_tex-55_closed_bw-international.jpg\",\"contentUrl\":\"https:\\\/\\\/www.b-w-international.com\\\/wp-content\\\/uploads\\\/2025\\\/05\\\/double-wheel-guard_M_tex-55_closed_bw-international.jpg\",\"width\":1920,\"height\":1920,\"caption\":\"La pochette TEX.55 duo | B&W double wheel.guard M est une mallette de transport circulaire noire avec deux poign\u00e9es, une poche frontale et le logo de B&W International en blanc sur le c\u00f4t\u00e9 inf\u00e9rieur droit.\"},{\"@type\":\"BreadcrumbList\",\"@id\":\"https:\\\/\\\/www.b-w-international.com\\\/fr\\\/produkt\\\/wheel-bag-tex-55-duo-double-wheel-guard-m\\\/#breadcrumb\",\"itemListElement\":[{\"@type\":\"ListItem\",\"position\":1,\"name\":\"Home\",\"item\":\"https:\\\/\\\/www.b-w-international.com\\\/fr\\\/\"},{\"@type\":\"ListItem\",\"position\":2,\"name\":\"Produits\",\"item\":\"https:\\\/\\\/www.b-w-international.com\\\/fr\\\/boutique\\\/\"},{\"@type\":\"ListItem\",\"position\":3,\"name\":\"Valises et sacs pour le transport de v\u00e9los\",\"item\":\"https:\\\/\\\/www.b-w-international.com\\\/fr\\\/produkte\\\/valises-et-sacs-pour-le-transport-de-velos\\\/\"},{\"@type\":\"ListItem\",\"position\":4,\"name\":\"Accessoires\",\"item\":\"https:\\\/\\\/www.b-w-international.com\\\/fr\\\/produkte\\\/valises-et-sacs-pour-le-transport-de-velos\\\/accessoires-velo\\\/\"},{\"@type\":\"ListItem\",\"position\":5,\"name\":\"wheel.bag TEX.55 duo | B&amp;W double wheel.guard M\"}]},{\"@type\":\"WebSite\",\"@id\":\"https:\\\/\\\/www.b-w-international.com\\\/fr\\\/#website\",\"url\":\"https:\\\/\\\/www.b-w-international.com\\\/fr\\\/\",\"name\":\"B&W International\",\"description\":\"\",\"publisher\":{\"@id\":\"https:\\\/\\\/www.b-w-international.com\\\/fr\\\/#organization\"},\"potentialAction\":[{\"@type\":\"SearchAction\",\"target\":{\"@type\":\"EntryPoint\",\"urlTemplate\":\"https:\\\/\\\/www.b-w-international.com\\\/fr\\\/?s={search_term_string}\"},\"query-input\":{\"@type\":\"PropertyValueSpecification\",\"valueRequired\":true,\"valueName\":\"search_term_string\"}}],\"inLanguage\":\"fr-FR\"},{\"@type\":\"Organization\",\"@id\":\"https:\\\/\\\/www.b-w-international.com\\\/fr\\\/#organization\",\"name\":\"B&W International\",\"url\":\"https:\\\/\\\/www.b-w-international.com\\\/fr\\\/\",\"logo\":{\"@type\":\"ImageObject\",\"inLanguage\":\"fr-FR\",\"@id\":\"https:\\\/\\\/www.b-w-international.com\\\/fr\\\/#\\\/schema\\\/logo\\\/image\\\/\",\"url\":\"https:\\\/\\\/www.b-w-international.com\\\/wp-content\\\/uploads\\\/2024\\\/12\\\/16dbfc312f1eb060e7d95735c00f9ec6.png\",\"contentUrl\":\"https:\\\/\\\/www.b-w-international.com\\\/wp-content\\\/uploads\\\/2024\\\/12\\\/16dbfc312f1eb060e7d95735c00f9ec6.png\",\"width\":219,\"height\":82,\"caption\":\"B&W International\"},\"image\":{\"@id\":\"https:\\\/\\\/www.b-w-international.com\\\/fr\\\/#\\\/schema\\\/logo\\\/image\\\/\"}}]}<\/script>","yoast_head_json":{"title":"wheel.bag TEX.55 duo | B&amp;W double wheel.guard M - B&amp;W International","robots":{"index":"index","follow":"follow","max-snippet":"max-snippet:-1","max-image-preview":"max-image-preview:large","max-video-preview":"max-video-preview:-1"},"canonical":"https:\/\/www.b-w-international.com\/fr\/produkt\/wheel-bag-tex-55-duo-double-wheel-guard-m\/","og_locale":"fr_FR","og_type":"article","og_title":"wheel.bag TEX.55 duo | B&amp;W double wheel.guard M - B&amp;W International","og_description":"Diam\u00e8tre : 690 mm Pour deux roues jusqu&rsquo;\u00e0 29 Mati\u00e8re : polyester Couleur : noir Trois poches int\u00e9rieures Bandouli\u00e8re incluse","og_url":"https:\/\/www.b-w-international.com\/fr\/produkt\/wheel-bag-tex-55-duo-double-wheel-guard-m\/","og_site_name":"B&amp;W International","article_modified_time":"2025-07-29T11:59:20+00:00","og_image":[{"width":1920,"height":1920,"url":"https:\/\/www.b-w-international.com\/wp-content\/uploads\/2025\/05\/double-wheel-guard_M_tex-55_closed_bw-international.jpg","type":"image\/jpeg"}],"twitter_card":"summary_large_image","twitter_misc":{"Dur\u00e9e de lecture estim\u00e9e":"1 minute"},"schema":{"@context":"https:\/\/schema.org","@graph":[{"@type":"WebPage","@id":"https:\/\/www.b-w-international.com\/fr\/produkt\/wheel-bag-tex-55-duo-double-wheel-guard-m\/","url":"https:\/\/www.b-w-international.com\/fr\/produkt\/wheel-bag-tex-55-duo-double-wheel-guard-m\/","name":"wheel.bag TEX.55 duo | B&amp;W double wheel.guard M - B&amp;W International","isPartOf":{"@id":"https:\/\/www.b-w-international.com\/fr\/#website"},"primaryImageOfPage":{"@id":"https:\/\/www.b-w-international.com\/fr\/produkt\/wheel-bag-tex-55-duo-double-wheel-guard-m\/#primaryimage"},"image":{"@id":"https:\/\/www.b-w-international.com\/fr\/produkt\/wheel-bag-tex-55-duo-double-wheel-guard-m\/#primaryimage"},"thumbnailUrl":"https:\/\/www.b-w-international.com\/wp-content\/uploads\/2025\/05\/double-wheel-guard_M_tex-55_closed_bw-international.jpg","datePublished":"2025-05-05T07:53:47+00:00","dateModified":"2025-07-29T11:59:20+00:00","breadcrumb":{"@id":"https:\/\/www.b-w-international.com\/fr\/produkt\/wheel-bag-tex-55-duo-double-wheel-guard-m\/#breadcrumb"},"inLanguage":"fr-FR","potentialAction":[{"@type":"ReadAction","target":["https:\/\/www.b-w-international.com\/fr\/produkt\/wheel-bag-tex-55-duo-double-wheel-guard-m\/"]}]},{"@type":"ImageObject","inLanguage":"fr-FR","@id":"https:\/\/www.b-w-international.com\/fr\/produkt\/wheel-bag-tex-55-duo-double-wheel-guard-m\/#primaryimage","url":"https:\/\/www.b-w-international.com\/wp-content\/uploads\/2025\/05\/double-wheel-guard_M_tex-55_closed_bw-international.jpg","contentUrl":"https:\/\/www.b-w-international.com\/wp-content\/uploads\/2025\/05\/double-wheel-guard_M_tex-55_closed_bw-international.jpg","width":1920,"height":1920,"caption":"La pochette TEX.55 duo | B&W double wheel.guard M est une mallette de transport circulaire noire avec deux poign\u00e9es, une poche frontale et le logo de B&W International en blanc sur le c\u00f4t\u00e9 inf\u00e9rieur droit."},{"@type":"BreadcrumbList","@id":"https:\/\/www.b-w-international.com\/fr\/produkt\/wheel-bag-tex-55-duo-double-wheel-guard-m\/#breadcrumb","itemListElement":[{"@type":"ListItem","position":1,"name":"Home","item":"https:\/\/www.b-w-international.com\/fr\/"},{"@type":"ListItem","position":2,"name":"Produits","item":"https:\/\/www.b-w-international.com\/fr\/boutique\/"},{"@type":"ListItem","position":3,"name":"Valises et sacs pour le transport de v\u00e9los","item":"https:\/\/www.b-w-international.com\/fr\/produkte\/valises-et-sacs-pour-le-transport-de-velos\/"},{"@type":"ListItem","position":4,"name":"Accessoires","item":"https:\/\/www.b-w-international.com\/fr\/produkte\/valises-et-sacs-pour-le-transport-de-velos\/accessoires-velo\/"},{"@type":"ListItem","position":5,"name":"wheel.bag TEX.55 duo | B&amp;W double wheel.guard M"}]},{"@type":"WebSite","@id":"https:\/\/www.b-w-international.com\/fr\/#website","url":"https:\/\/www.b-w-international.com\/fr\/","name":"B&W International","description":"","publisher":{"@id":"https:\/\/www.b-w-international.com\/fr\/#organization"},"potentialAction":[{"@type":"SearchAction","target":{"@type":"EntryPoint","urlTemplate":"https:\/\/www.b-w-international.com\/fr\/?s={search_term_string}"},"query-input":{"@type":"PropertyValueSpecification","valueRequired":true,"valueName":"search_term_string"}}],"inLanguage":"fr-FR"},{"@type":"Organization","@id":"https:\/\/www.b-w-international.com\/fr\/#organization","name":"B&W International","url":"https:\/\/www.b-w-international.com\/fr\/","logo":{"@type":"ImageObject","inLanguage":"fr-FR","@id":"https:\/\/www.b-w-international.com\/fr\/#\/schema\/logo\/image\/","url":"https:\/\/www.b-w-international.com\/wp-content\/uploads\/2024\/12\/16dbfc312f1eb060e7d95735c00f9ec6.png","contentUrl":"https:\/\/www.b-w-international.com\/wp-content\/uploads\/2024\/12\/16dbfc312f1eb060e7d95735c00f9ec6.png","width":219,"height":82,"caption":"B&W International"},"image":{"@id":"https:\/\/www.b-w-international.com\/fr\/#\/schema\/logo\/image\/"}}]}},"_links":{"self":[{"href":"https:\/\/www.b-w-international.com\/fr\/wp-json\/wp\/v2\/product\/15717","targetHints":{"allow":["GET"]}}],"collection":[{"href":"https:\/\/www.b-w-international.com\/fr\/wp-json\/wp\/v2\/product"}],"about":[{"href":"https:\/\/www.b-w-international.com\/fr\/wp-json\/wp\/v2\/types\/product"}],"wp:featuredmedia":[{"embeddable":true,"href":"https:\/\/www.b-w-international.com\/fr\/wp-json\/wp\/v2\/media\/14269"}],"wp:attachment":[{"href":"https:\/\/www.b-w-international.com\/fr\/wp-json\/wp\/v2\/media?parent=15717"}],"wp:term":[{"taxonomy":"product_brand","embeddable":true,"href":"https:\/\/www.b-w-international.com\/fr\/wp-json\/wp\/v2\/product_brand?post=15717"},{"taxonomy":"product_cat","embeddable":true,"href":"https:\/\/www.b-w-international.com\/fr\/wp-json\/wp\/v2\/product_cat?post=15717"},{"taxonomy":"product_tag","embeddable":true,"href":"https:\/\/www.b-w-international.com\/fr\/wp-json\/wp\/v2\/product_tag?post=15717"}],"curies":[{"name":"wp","href":"https:\/\/api.w.org\/{rel}","templated":true}]}}