{"id":15732,"date":"2025-05-05T09:53:47","date_gmt":"2025-05-05T07:53:47","guid":{"rendered":"https:\/\/www.b-w-international.com\/produkt\/bw-case-pp-66-bw-outdoor-case-type-2000\/"},"modified":"2026-04-01T15:29:05","modified_gmt":"2026-04-01T13:29:05","slug":"bw-case-pp-66","status":"publish","type":"product","link":"https:\/\/www.b-w-international.com\/fr\/produkt\/bw-case-pp-66\/","title":{"rendered":"bw.case PP.66 | Mallette multi-usages B&amp;W type 2000"},"content":{"rendered":"<ul>\n<li><strong>Bo\u00eetier :<\/strong> polypropyl\u00e8ne antichoc (PP) &#8211; haute r\u00e9sistance aux chocs et \u00e0 la rupture<\/li>\n<li><strong>Indice de protection :<\/strong> \u00e9tanche \u00e0 l&rsquo;eau et \u00e0 la poussi\u00e8re selon IP67 &#8211; pour une utilisation dans des conditions humides et des environnements difficiles<\/li>\n<li><strong>Compensation de pression :<\/strong> valve automatique &#8211; compense les diff\u00e9rences de pression (par ex. lors de voyages en avion)<\/li>\n<li><strong>Plage de temp\u00e9rature :<\/strong> -30 \u00b0C \u00e0 +80 \u00b0C &#8211; pour les temp\u00e9ratures extr\u00eames<\/li>\n<li><strong>Fermetures :<\/strong> 2 fermetures \u00e0 ressort (2 \u00e0 l&rsquo;avant) &#8211; utilisables d&rsquo;une seule main<\/li>\n<li><strong>Poign\u00e9es :<\/strong> 1 poign\u00e9e frontale caoutchout\u00e9e &#8211; transport confortable<\/li>\n<li><strong>Verrouillable :<\/strong> 2 \u0153illets (\u00d8 4,5 mm) pour cadenas &#8211; prot\u00e8ge contre les acc\u00e8s non autoris\u00e9s<\/li>\n<li><strong>Normes militaires :<\/strong> Conforme aux exigences de MIL-STD-810H, STANAG 4280, DEF STAN 81-41 et ATA300<\/li>\n<li><strong>Empilabilit\u00e9 :<\/strong> Empilable &#8211; gain de place pour le stockage et le transport<\/li>\n<\/ul>\n<div style=\"display:flex; gap:10px;justify-content:center\" class=\"wps-pgfw-pdf-generate-icon__wrapper-frontend\">\n\t\t<a  href=\"https:\/\/www.b-w-international.com\/fr\/wp-json\/wp\/v2\/product\/15732\/?action=genpdf&amp;id=15732\" class=\"pgfw-single-pdf-download-button\" target=_blank><img src=\"https:\/\/www.b-w-international.com\/wp-content\/uploads\/2025\/03\/icon-download.svg\" title=\"G\u00e9n\u00e9rer un PDF\" style=\"width:auto; height:45px;\"><\/a>\n\t\t<\/div>","protected":false},"excerpt":{"rendered":"<p>Bo\u00eetier : polypropyl\u00e8ne antichoc (PP) &#8211; haute r\u00e9sistance aux chocs et \u00e0 la rupture Indice de protection : \u00e9tanche \u00e0 l&rsquo;eau et \u00e0 la poussi\u00e8re selon IP67 &#8211; pour une utilisation dans des conditions humides et des environnements difficiles Compensation de pression : valve automatique &#8211; compense les diff\u00e9rences de pression (par ex. lors de [&hellip;]<\/p>\n","protected":false},"featured_media":11674,"template":"","meta":{"_acf_changed":false},"product_brand":[],"product_cat":[202,179],"product_tag":[],"class_list":{"0":"post-15732","1":"product","2":"type-product","3":"status-publish","4":"has-post-thumbnail","6":"product_features-2-oeillets-pour-cadenas","7":"product_features-aptitude-au-vol","8":"product_features-empilable","9":"product_features-etanche-a-leau-etanche-a-la-poussiere-etanche-a-lair","10":"product_features-extremement-robuste","11":"product_features-poignee-de-transport-caoutchoutee","12":"product_features-resistant-a-la-temperature","13":"product_cat-conteneurs-de-transport-et-de-chargement","14":"product_cat-mallette-multi-usages","15":"pa_farbe-bronze-vert","16":"pa_farbe-jaune","17":"pa_farbe-noir","19":"first","20":"instock","21":"product-type-variable"},"acf":[],"yoast_head":"<title>bw.case PP.66 | Mallette multi-usages B&amp;W type 2000 - B&amp;W International<\/title>\n<meta name=\"description\" content=\"Petite valise multi-usages B&amp;W \u2713Etanche \u00e0 l&#039;eau \u2713Etanche \u00e0 la poussi\u00e8re \u2713R\u00e9sistant aux chocs \u2713Maniable \u2794 A d\u00e9couvrir d\u00e8s maintenant !\" \/>\n<meta name=\"robots\" content=\"index, follow, max-snippet:-1, max-image-preview:large, max-video-preview:-1\" \/>\n<link rel=\"canonical\" href=\"https:\/\/www.b-w-international.com\/fr\/produkt\/bw-case-pp-66\/\" \/>\n<meta property=\"og:locale\" content=\"fr_FR\" \/>\n<meta property=\"og:type\" content=\"article\" \/>\n<meta property=\"og:title\" content=\"bw.case PP.66 | Mallette multi-usages B&amp;W type 2000 - B&amp;W International\" \/>\n<meta property=\"og:description\" content=\"Petite valise multi-usages B&amp;W \u2713Etanche \u00e0 l&#039;eau \u2713Etanche \u00e0 la poussi\u00e8re \u2713R\u00e9sistant aux chocs \u2713Maniable \u2794 A d\u00e9couvrir d\u00e8s maintenant !\" \/>\n<meta property=\"og:url\" content=\"https:\/\/www.b-w-international.com\/fr\/produkt\/bw-case-pp-66\/\" \/>\n<meta property=\"og:site_name\" content=\"B&amp;W International\" \/>\n<meta property=\"article:modified_time\" content=\"2026-04-01T13:29:05+00:00\" \/>\n<meta property=\"og:image\" content=\"https:\/\/www.b-w-international.com\/wp-content\/uploads\/2025\/05\/2000_PP-66_BG_closed-standing_bw-international.jpg\" \/>\n\t<meta property=\"og:image:width\" content=\"1920\" \/>\n\t<meta property=\"og:image:height\" content=\"1920\" \/>\n\t<meta property=\"og:image:type\" content=\"image\/jpeg\" \/>\n<meta name=\"twitter:card\" content=\"summary_large_image\" \/>\n<meta name=\"twitter:label1\" content=\"Dur\u00e9e de lecture estim\u00e9e\" \/>\n\t<meta name=\"twitter:data1\" content=\"1 minute\" \/>\n<script type=\"application\/ld+json\" class=\"yoast-schema-graph\">{\"@context\":\"https:\/\/schema.org\",\"@graph\":[{\"@type\":\"WebPage\",\"@id\":\"https:\/\/www.b-w-international.com\/fr\/produkt\/bw-case-pp-66\/\",\"url\":\"https:\/\/www.b-w-international.com\/fr\/produkt\/bw-case-pp-66\/\",\"name\":\"bw.case PP.66 | Mallette multi-usages B&amp;W type 2000 - B&amp;W International\",\"isPartOf\":{\"@id\":\"https:\/\/www.b-w-international.com\/fr\/#website\"},\"primaryImageOfPage\":{\"@id\":\"https:\/\/www.b-w-international.com\/fr\/produkt\/bw-case-pp-66\/#primaryimage\"},\"image\":{\"@id\":\"https:\/\/www.b-w-international.com\/fr\/produkt\/bw-case-pp-66\/#primaryimage\"},\"thumbnailUrl\":\"https:\/\/www.b-w-international.com\/wp-content\/uploads\/2025\/05\/2000_PP-66_BG_closed-standing_bw-international.jpg\",\"datePublished\":\"2025-05-05T07:53:47+00:00\",\"dateModified\":\"2026-04-01T13:29:05+00:00\",\"description\":\"Petite valise multi-usages B&W \u2713Etanche \u00e0 l'eau \u2713Etanche \u00e0 la poussi\u00e8re \u2713R\u00e9sistant aux chocs \u2713Maniable \u2794 A d\u00e9couvrir d\u00e8s maintenant !\",\"breadcrumb\":{\"@id\":\"https:\/\/www.b-w-international.com\/fr\/produkt\/bw-case-pp-66\/#breadcrumb\"},\"inLanguage\":\"fr-FR\",\"potentialAction\":[{\"@type\":\"ReadAction\",\"target\":[\"https:\/\/www.b-w-international.com\/fr\/produkt\/bw-case-pp-66\/\"]}]},{\"@type\":\"ImageObject\",\"inLanguage\":\"fr-FR\",\"@id\":\"https:\/\/www.b-w-international.com\/fr\/produkt\/bw-case-pp-66\/#primaryimage\",\"url\":\"https:\/\/www.b-w-international.com\/wp-content\/uploads\/2025\/05\/2000_PP-66_BG_closed-standing_bw-international.jpg\",\"contentUrl\":\"https:\/\/www.b-w-international.com\/wp-content\/uploads\/2025\/05\/2000_PP-66_BG_closed-standing_bw-international.jpg\",\"width\":1920,\"height\":1920,\"caption\":\"Mallette de transport d'ext\u00e9rieur B&amp;W International PP 66 vert bronze avec poign\u00e9e robuste et fermetures solides pour une protection fiable des \u00e9quipements sensibles.\"},{\"@type\":\"BreadcrumbList\",\"@id\":\"https:\/\/www.b-w-international.com\/fr\/produkt\/bw-case-pp-66\/#breadcrumb\",\"itemListElement\":[{\"@type\":\"ListItem\",\"position\":1,\"name\":\"Home\",\"item\":\"https:\/\/www.b-w-international.com\/fr\/\"},{\"@type\":\"ListItem\",\"position\":2,\"name\":\"Produits\",\"item\":\"https:\/\/www.b-w-international.com\/fr\/boutique\/\"},{\"@type\":\"ListItem\",\"position\":3,\"name\":\"Mallette multi-usages\",\"item\":\"https:\/\/www.b-w-international.com\/fr\/produkte\/mallette-multi-usages\/\"},{\"@type\":\"ListItem\",\"position\":4,\"name\":\"bw.case PP.66 | Mallette multi-usages B&amp;W type 2000\"}]},{\"@type\":\"WebSite\",\"@id\":\"https:\/\/www.b-w-international.com\/fr\/#website\",\"url\":\"https:\/\/www.b-w-international.com\/fr\/\",\"name\":\"B&W International\",\"description\":\"\",\"publisher\":{\"@id\":\"https:\/\/www.b-w-international.com\/fr\/#organization\"},\"potentialAction\":[{\"@type\":\"SearchAction\",\"target\":{\"@type\":\"EntryPoint\",\"urlTemplate\":\"https:\/\/www.b-w-international.com\/fr\/?s={search_term_string}\"},\"query-input\":{\"@type\":\"PropertyValueSpecification\",\"valueRequired\":true,\"valueName\":\"search_term_string\"}}],\"inLanguage\":\"fr-FR\"},{\"@type\":\"Organization\",\"@id\":\"https:\/\/www.b-w-international.com\/fr\/#organization\",\"name\":\"B&W International\",\"url\":\"https:\/\/www.b-w-international.com\/fr\/\",\"logo\":{\"@type\":\"ImageObject\",\"inLanguage\":\"fr-FR\",\"@id\":\"https:\/\/www.b-w-international.com\/fr\/#\/schema\/logo\/image\/\",\"url\":\"https:\/\/www.b-w-international.com\/wp-content\/uploads\/2024\/12\/16dbfc312f1eb060e7d95735c00f9ec6.png\",\"contentUrl\":\"https:\/\/www.b-w-international.com\/wp-content\/uploads\/2024\/12\/16dbfc312f1eb060e7d95735c00f9ec6.png\",\"width\":219,\"height\":82,\"caption\":\"B&W International\"},\"image\":{\"@id\":\"https:\/\/www.b-w-international.com\/fr\/#\/schema\/logo\/image\/\"}}]}<\/script>","yoast_head_json":{"title":"bw.case PP.66 | Mallette multi-usages B&amp;W type 2000 - B&amp;W International","description":"Petite valise multi-usages B&W \u2713Etanche \u00e0 l'eau \u2713Etanche \u00e0 la poussi\u00e8re \u2713R\u00e9sistant aux chocs \u2713Maniable \u2794 A d\u00e9couvrir d\u00e8s maintenant !","robots":{"index":"index","follow":"follow","max-snippet":"max-snippet:-1","max-image-preview":"max-image-preview:large","max-video-preview":"max-video-preview:-1"},"canonical":"https:\/\/www.b-w-international.com\/fr\/produkt\/bw-case-pp-66\/","og_locale":"fr_FR","og_type":"article","og_title":"bw.case PP.66 | Mallette multi-usages B&amp;W type 2000 - B&amp;W International","og_description":"Petite valise multi-usages B&W \u2713Etanche \u00e0 l'eau \u2713Etanche \u00e0 la poussi\u00e8re \u2713R\u00e9sistant aux chocs \u2713Maniable \u2794 A d\u00e9couvrir d\u00e8s maintenant !","og_url":"https:\/\/www.b-w-international.com\/fr\/produkt\/bw-case-pp-66\/","og_site_name":"B&amp;W International","article_modified_time":"2026-04-01T13:29:05+00:00","og_image":[{"width":1920,"height":1920,"url":"https:\/\/www.b-w-international.com\/wp-content\/uploads\/2025\/05\/2000_PP-66_BG_closed-standing_bw-international.jpg","type":"image\/jpeg"}],"twitter_card":"summary_large_image","twitter_misc":{"Dur\u00e9e de lecture estim\u00e9e":"1 minute"},"schema":{"@context":"https:\/\/schema.org","@graph":[{"@type":"WebPage","@id":"https:\/\/www.b-w-international.com\/fr\/produkt\/bw-case-pp-66\/","url":"https:\/\/www.b-w-international.com\/fr\/produkt\/bw-case-pp-66\/","name":"bw.case PP.66 | Mallette multi-usages B&amp;W type 2000 - B&amp;W International","isPartOf":{"@id":"https:\/\/www.b-w-international.com\/fr\/#website"},"primaryImageOfPage":{"@id":"https:\/\/www.b-w-international.com\/fr\/produkt\/bw-case-pp-66\/#primaryimage"},"image":{"@id":"https:\/\/www.b-w-international.com\/fr\/produkt\/bw-case-pp-66\/#primaryimage"},"thumbnailUrl":"https:\/\/www.b-w-international.com\/wp-content\/uploads\/2025\/05\/2000_PP-66_BG_closed-standing_bw-international.jpg","datePublished":"2025-05-05T07:53:47+00:00","dateModified":"2026-04-01T13:29:05+00:00","description":"Petite valise multi-usages B&W \u2713Etanche \u00e0 l'eau \u2713Etanche \u00e0 la poussi\u00e8re \u2713R\u00e9sistant aux chocs \u2713Maniable \u2794 A d\u00e9couvrir d\u00e8s maintenant !","breadcrumb":{"@id":"https:\/\/www.b-w-international.com\/fr\/produkt\/bw-case-pp-66\/#breadcrumb"},"inLanguage":"fr-FR","potentialAction":[{"@type":"ReadAction","target":["https:\/\/www.b-w-international.com\/fr\/produkt\/bw-case-pp-66\/"]}]},{"@type":"ImageObject","inLanguage":"fr-FR","@id":"https:\/\/www.b-w-international.com\/fr\/produkt\/bw-case-pp-66\/#primaryimage","url":"https:\/\/www.b-w-international.com\/wp-content\/uploads\/2025\/05\/2000_PP-66_BG_closed-standing_bw-international.jpg","contentUrl":"https:\/\/www.b-w-international.com\/wp-content\/uploads\/2025\/05\/2000_PP-66_BG_closed-standing_bw-international.jpg","width":1920,"height":1920,"caption":"Mallette de transport d'ext\u00e9rieur B&amp;W International PP 66 vert bronze avec poign\u00e9e robuste et fermetures solides pour une protection fiable des \u00e9quipements sensibles."},{"@type":"BreadcrumbList","@id":"https:\/\/www.b-w-international.com\/fr\/produkt\/bw-case-pp-66\/#breadcrumb","itemListElement":[{"@type":"ListItem","position":1,"name":"Home","item":"https:\/\/www.b-w-international.com\/fr\/"},{"@type":"ListItem","position":2,"name":"Produits","item":"https:\/\/www.b-w-international.com\/fr\/boutique\/"},{"@type":"ListItem","position":3,"name":"Mallette multi-usages","item":"https:\/\/www.b-w-international.com\/fr\/produkte\/mallette-multi-usages\/"},{"@type":"ListItem","position":4,"name":"bw.case PP.66 | Mallette multi-usages B&amp;W type 2000"}]},{"@type":"WebSite","@id":"https:\/\/www.b-w-international.com\/fr\/#website","url":"https:\/\/www.b-w-international.com\/fr\/","name":"B&W International","description":"","publisher":{"@id":"https:\/\/www.b-w-international.com\/fr\/#organization"},"potentialAction":[{"@type":"SearchAction","target":{"@type":"EntryPoint","urlTemplate":"https:\/\/www.b-w-international.com\/fr\/?s={search_term_string}"},"query-input":{"@type":"PropertyValueSpecification","valueRequired":true,"valueName":"search_term_string"}}],"inLanguage":"fr-FR"},{"@type":"Organization","@id":"https:\/\/www.b-w-international.com\/fr\/#organization","name":"B&W International","url":"https:\/\/www.b-w-international.com\/fr\/","logo":{"@type":"ImageObject","inLanguage":"fr-FR","@id":"https:\/\/www.b-w-international.com\/fr\/#\/schema\/logo\/image\/","url":"https:\/\/www.b-w-international.com\/wp-content\/uploads\/2024\/12\/16dbfc312f1eb060e7d95735c00f9ec6.png","contentUrl":"https:\/\/www.b-w-international.com\/wp-content\/uploads\/2024\/12\/16dbfc312f1eb060e7d95735c00f9ec6.png","width":219,"height":82,"caption":"B&W International"},"image":{"@id":"https:\/\/www.b-w-international.com\/fr\/#\/schema\/logo\/image\/"}}]}},"_links":{"self":[{"href":"https:\/\/www.b-w-international.com\/fr\/wp-json\/wp\/v2\/product\/15732","targetHints":{"allow":["GET"]}}],"collection":[{"href":"https:\/\/www.b-w-international.com\/fr\/wp-json\/wp\/v2\/product"}],"about":[{"href":"https:\/\/www.b-w-international.com\/fr\/wp-json\/wp\/v2\/types\/product"}],"wp:featuredmedia":[{"embeddable":true,"href":"https:\/\/www.b-w-international.com\/fr\/wp-json\/wp\/v2\/media\/11674"}],"wp:attachment":[{"href":"https:\/\/www.b-w-international.com\/fr\/wp-json\/wp\/v2\/media?parent=15732"}],"wp:term":[{"taxonomy":"product_brand","embeddable":true,"href":"https:\/\/www.b-w-international.com\/fr\/wp-json\/wp\/v2\/product_brand?post=15732"},{"taxonomy":"product_cat","embeddable":true,"href":"https:\/\/www.b-w-international.com\/fr\/wp-json\/wp\/v2\/product_cat?post=15732"},{"taxonomy":"product_tag","embeddable":true,"href":"https:\/\/www.b-w-international.com\/fr\/wp-json\/wp\/v2\/product_tag?post=15732"}],"curies":[{"name":"wp","href":"https:\/\/api.w.org\/{rel}","templated":true}]}}