{"id":15759,"date":"2025-05-05T09:53:47","date_gmt":"2025-05-05T07:53:47","guid":{"rendered":"https:\/\/www.b-w-international.com\/produkt\/tool-module-magnetic\/"},"modified":"2025-07-30T15:23:47","modified_gmt":"2025-07-30T13:23:47","slug":"tool-module-magnetic","status":"publish","type":"product","link":"https:\/\/www.b-w-international.com\/fr\/produkt\/tool-module-magnetic\/","title":{"rendered":"tool.module magnetic"},"content":{"rendered":"<div>\n<ul>\n<li>Pochette \u00e0 outils magn\u00e9tique Gestion des accessoires<\/li>\n<li>organisation pratique des vis, embouts et autres outils magn\u00e9tiques<\/li>\n<li>Le dos magn\u00e9tique permet de fixer facilement et en toute s\u00e9curit\u00e9 des objets magn\u00e9tiques sur le sac.<\/li>\n<li>Le panneau avant du sac magn\u00e9tique est \u00e9quip\u00e9 d&rsquo;une fermeture \u00e0 glissi\u00e8re qui permet de ranger en toute s\u00e9curit\u00e9 les petits objets suppl\u00e9mentaires.<\/li>\n<li>peut \u00eatre rang\u00e9 en toute s\u00e9curit\u00e9 dans le tool.bag TEX.223 de B&amp;W ou fix\u00e9 \u00e0 la ceinture tool.modul de B&amp;W gr\u00e2ce au syst\u00e8me Fidlock<\/li>\n<li>le verrouillage magn\u00e9tique du syst\u00e8me Fidlock permet d&rsquo;attacher et de d\u00e9tacher facilement le module<\/li>\n<li>la fermeture est facile \u00e0 utiliser d&rsquo;une seule main et offre une connexion fiable et s\u00fbre<\/li>\n<\/ul>\n<\/div>\n<div style=\"display:flex; gap:10px;justify-content:center\" class=\"wps-pgfw-pdf-generate-icon__wrapper-frontend\">\n\t\t<a  href=\"https:\/\/www.b-w-international.com\/fr\/wp-json\/wp\/v2\/product\/15759\/?action=genpdf&amp;id=15759\" class=\"pgfw-single-pdf-download-button\" target=_blank><img src=\"https:\/\/www.b-w-international.com\/wp-content\/uploads\/2025\/03\/icon-download.svg\" title=\"G\u00e9n\u00e9rer un PDF\" style=\"width:auto; height:45px;\"><\/a>\n\t\t<\/div>","protected":false},"excerpt":{"rendered":"<p>Pochette \u00e0 outils magn\u00e9tique Gestion des accessoires organisation pratique des vis, embouts et autres outils magn\u00e9tiques Le dos magn\u00e9tique permet de fixer facilement et en toute s\u00e9curit\u00e9 des objets magn\u00e9tiques sur le sac. Le panneau avant du sac magn\u00e9tique est \u00e9quip\u00e9 d&rsquo;une fermeture \u00e0 glissi\u00e8re qui permet de ranger en toute s\u00e9curit\u00e9 les petits objets [&hellip;]<\/p>\n","protected":false},"featured_media":13934,"template":"","meta":{"_acf_changed":false},"product_brand":[],"product_cat":[250,414],"product_tag":[],"class_list":{"0":"post-15759","1":"product","2":"type-product","3":"status-publish","4":"has-post-thumbnail","6":"product_cat-modules","7":"product_cat-valises-et-sacs-a-outils","9":"first","10":"instock","11":"product-type-simple"},"acf":[],"yoast_head":"<title>tool.module magnetic - B&amp;W International<\/title>\n<meta name=\"robots\" content=\"index, follow, max-snippet:-1, max-image-preview:large, max-video-preview:-1\" \/>\n<link rel=\"canonical\" href=\"https:\/\/www.b-w-international.com\/fr\/produkt\/tool-module-magnetic\/\" \/>\n<meta property=\"og:locale\" content=\"fr_FR\" \/>\n<meta property=\"og:type\" content=\"article\" \/>\n<meta property=\"og:title\" content=\"tool.module magnetic - B&amp;W International\" \/>\n<meta property=\"og:description\" content=\"Pochette \u00e0 outils magn\u00e9tique Gestion des accessoires organisation pratique des vis, embouts et autres outils magn\u00e9tiques Le dos magn\u00e9tique permet de fixer facilement et en toute s\u00e9curit\u00e9 des objets magn\u00e9tiques sur le sac. Le panneau avant du sac magn\u00e9tique est \u00e9quip\u00e9 d&rsquo;une fermeture \u00e0 glissi\u00e8re qui permet de ranger en toute s\u00e9curit\u00e9 les petits objets [&hellip;]\" \/>\n<meta property=\"og:url\" content=\"https:\/\/www.b-w-international.com\/fr\/produkt\/tool-module-magnetic\/\" \/>\n<meta property=\"og:site_name\" content=\"B&amp;W International\" \/>\n<meta property=\"article:modified_time\" content=\"2025-07-30T13:23:47+00:00\" \/>\n<meta property=\"og:image\" content=\"https:\/\/www.b-w-international.com\/wp-content\/uploads\/2025\/05\/tool-module_magnetic_empty_bw-international.jpg\" \/>\n\t<meta property=\"og:image:width\" content=\"1920\" \/>\n\t<meta property=\"og:image:height\" content=\"1920\" \/>\n\t<meta property=\"og:image:type\" content=\"image\/jpeg\" \/>\n<meta name=\"twitter:card\" content=\"summary_large_image\" \/>\n<meta name=\"twitter:label1\" content=\"Dur\u00e9e de lecture estim\u00e9e\" \/>\n\t<meta name=\"twitter:data1\" content=\"1 minute\" \/>\n<script type=\"application\/ld+json\" class=\"yoast-schema-graph\">{\"@context\":\"https:\/\/schema.org\",\"@graph\":[{\"@type\":\"WebPage\",\"@id\":\"https:\/\/www.b-w-international.com\/fr\/produkt\/tool-module-magnetic\/\",\"url\":\"https:\/\/www.b-w-international.com\/fr\/produkt\/tool-module-magnetic\/\",\"name\":\"tool.module magnetic - B&amp;W International\",\"isPartOf\":{\"@id\":\"https:\/\/www.b-w-international.com\/fr\/#website\"},\"primaryImageOfPage\":{\"@id\":\"https:\/\/www.b-w-international.com\/fr\/produkt\/tool-module-magnetic\/#primaryimage\"},\"image\":{\"@id\":\"https:\/\/www.b-w-international.com\/fr\/produkt\/tool-module-magnetic\/#primaryimage\"},\"thumbnailUrl\":\"https:\/\/www.b-w-international.com\/wp-content\/uploads\/2025\/05\/tool-module_magnetic_empty_bw-international.jpg\",\"datePublished\":\"2025-05-05T07:53:47+00:00\",\"dateModified\":\"2025-07-30T13:23:47+00:00\",\"breadcrumb\":{\"@id\":\"https:\/\/www.b-w-international.com\/fr\/produkt\/tool-module-magnetic\/#breadcrumb\"},\"inLanguage\":\"fr-FR\",\"potentialAction\":[{\"@type\":\"ReadAction\",\"target\":[\"https:\/\/www.b-w-international.com\/fr\/produkt\/tool-module-magnetic\/\"]}]},{\"@type\":\"ImageObject\",\"inLanguage\":\"fr-FR\",\"@id\":\"https:\/\/www.b-w-international.com\/fr\/produkt\/tool-module-magnetic\/#primaryimage\",\"url\":\"https:\/\/www.b-w-international.com\/wp-content\/uploads\/2025\/05\/tool-module_magnetic_empty_bw-international.jpg\",\"contentUrl\":\"https:\/\/www.b-w-international.com\/wp-content\/uploads\/2025\/05\/tool-module_magnetic_empty_bw-international.jpg\",\"width\":1920,\"height\":1920,\"caption\":\"Schwarze magnetische Werkzeugtasche von B&W International mit Rei\u00dfverschluss und roter Lasche, ideal zur Organisation von Schrauben und magnetischem Werkzeug.\"},{\"@type\":\"BreadcrumbList\",\"@id\":\"https:\/\/www.b-w-international.com\/fr\/produkt\/tool-module-magnetic\/#breadcrumb\",\"itemListElement\":[{\"@type\":\"ListItem\",\"position\":1,\"name\":\"Home\",\"item\":\"https:\/\/www.b-w-international.com\/fr\/\"},{\"@type\":\"ListItem\",\"position\":2,\"name\":\"Produits\",\"item\":\"https:\/\/www.b-w-international.com\/fr\/boutique\/\"},{\"@type\":\"ListItem\",\"position\":3,\"name\":\"Valises et sacs \u00e0 outils\",\"item\":\"https:\/\/www.b-w-international.com\/fr\/produkte\/valises-et-sacs-a-outils\/\"},{\"@type\":\"ListItem\",\"position\":4,\"name\":\"Modules\",\"item\":\"https:\/\/www.b-w-international.com\/fr\/produkte\/valises-et-sacs-a-outils\/modules\/\"},{\"@type\":\"ListItem\",\"position\":5,\"name\":\"tool.module magnetic\"}]},{\"@type\":\"WebSite\",\"@id\":\"https:\/\/www.b-w-international.com\/fr\/#website\",\"url\":\"https:\/\/www.b-w-international.com\/fr\/\",\"name\":\"B&W International\",\"description\":\"\",\"publisher\":{\"@id\":\"https:\/\/www.b-w-international.com\/fr\/#organization\"},\"potentialAction\":[{\"@type\":\"SearchAction\",\"target\":{\"@type\":\"EntryPoint\",\"urlTemplate\":\"https:\/\/www.b-w-international.com\/fr\/?s={search_term_string}\"},\"query-input\":{\"@type\":\"PropertyValueSpecification\",\"valueRequired\":true,\"valueName\":\"search_term_string\"}}],\"inLanguage\":\"fr-FR\"},{\"@type\":\"Organization\",\"@id\":\"https:\/\/www.b-w-international.com\/fr\/#organization\",\"name\":\"B&W International\",\"url\":\"https:\/\/www.b-w-international.com\/fr\/\",\"logo\":{\"@type\":\"ImageObject\",\"inLanguage\":\"fr-FR\",\"@id\":\"https:\/\/www.b-w-international.com\/fr\/#\/schema\/logo\/image\/\",\"url\":\"https:\/\/www.b-w-international.com\/wp-content\/uploads\/2024\/12\/16dbfc312f1eb060e7d95735c00f9ec6.png\",\"contentUrl\":\"https:\/\/www.b-w-international.com\/wp-content\/uploads\/2024\/12\/16dbfc312f1eb060e7d95735c00f9ec6.png\",\"width\":219,\"height\":82,\"caption\":\"B&W International\"},\"image\":{\"@id\":\"https:\/\/www.b-w-international.com\/fr\/#\/schema\/logo\/image\/\"}}]}<\/script>","yoast_head_json":{"title":"tool.module magnetic - B&amp;W International","robots":{"index":"index","follow":"follow","max-snippet":"max-snippet:-1","max-image-preview":"max-image-preview:large","max-video-preview":"max-video-preview:-1"},"canonical":"https:\/\/www.b-w-international.com\/fr\/produkt\/tool-module-magnetic\/","og_locale":"fr_FR","og_type":"article","og_title":"tool.module magnetic - B&amp;W International","og_description":"Pochette \u00e0 outils magn\u00e9tique Gestion des accessoires organisation pratique des vis, embouts et autres outils magn\u00e9tiques Le dos magn\u00e9tique permet de fixer facilement et en toute s\u00e9curit\u00e9 des objets magn\u00e9tiques sur le sac. Le panneau avant du sac magn\u00e9tique est \u00e9quip\u00e9 d&rsquo;une fermeture \u00e0 glissi\u00e8re qui permet de ranger en toute s\u00e9curit\u00e9 les petits objets [&hellip;]","og_url":"https:\/\/www.b-w-international.com\/fr\/produkt\/tool-module-magnetic\/","og_site_name":"B&amp;W International","article_modified_time":"2025-07-30T13:23:47+00:00","og_image":[{"width":1920,"height":1920,"url":"https:\/\/www.b-w-international.com\/wp-content\/uploads\/2025\/05\/tool-module_magnetic_empty_bw-international.jpg","type":"image\/jpeg"}],"twitter_card":"summary_large_image","twitter_misc":{"Dur\u00e9e de lecture estim\u00e9e":"1 minute"},"schema":{"@context":"https:\/\/schema.org","@graph":[{"@type":"WebPage","@id":"https:\/\/www.b-w-international.com\/fr\/produkt\/tool-module-magnetic\/","url":"https:\/\/www.b-w-international.com\/fr\/produkt\/tool-module-magnetic\/","name":"tool.module magnetic - B&amp;W International","isPartOf":{"@id":"https:\/\/www.b-w-international.com\/fr\/#website"},"primaryImageOfPage":{"@id":"https:\/\/www.b-w-international.com\/fr\/produkt\/tool-module-magnetic\/#primaryimage"},"image":{"@id":"https:\/\/www.b-w-international.com\/fr\/produkt\/tool-module-magnetic\/#primaryimage"},"thumbnailUrl":"https:\/\/www.b-w-international.com\/wp-content\/uploads\/2025\/05\/tool-module_magnetic_empty_bw-international.jpg","datePublished":"2025-05-05T07:53:47+00:00","dateModified":"2025-07-30T13:23:47+00:00","breadcrumb":{"@id":"https:\/\/www.b-w-international.com\/fr\/produkt\/tool-module-magnetic\/#breadcrumb"},"inLanguage":"fr-FR","potentialAction":[{"@type":"ReadAction","target":["https:\/\/www.b-w-international.com\/fr\/produkt\/tool-module-magnetic\/"]}]},{"@type":"ImageObject","inLanguage":"fr-FR","@id":"https:\/\/www.b-w-international.com\/fr\/produkt\/tool-module-magnetic\/#primaryimage","url":"https:\/\/www.b-w-international.com\/wp-content\/uploads\/2025\/05\/tool-module_magnetic_empty_bw-international.jpg","contentUrl":"https:\/\/www.b-w-international.com\/wp-content\/uploads\/2025\/05\/tool-module_magnetic_empty_bw-international.jpg","width":1920,"height":1920,"caption":"Schwarze magnetische Werkzeugtasche von B&W International mit Rei\u00dfverschluss und roter Lasche, ideal zur Organisation von Schrauben und magnetischem Werkzeug."},{"@type":"BreadcrumbList","@id":"https:\/\/www.b-w-international.com\/fr\/produkt\/tool-module-magnetic\/#breadcrumb","itemListElement":[{"@type":"ListItem","position":1,"name":"Home","item":"https:\/\/www.b-w-international.com\/fr\/"},{"@type":"ListItem","position":2,"name":"Produits","item":"https:\/\/www.b-w-international.com\/fr\/boutique\/"},{"@type":"ListItem","position":3,"name":"Valises et sacs \u00e0 outils","item":"https:\/\/www.b-w-international.com\/fr\/produkte\/valises-et-sacs-a-outils\/"},{"@type":"ListItem","position":4,"name":"Modules","item":"https:\/\/www.b-w-international.com\/fr\/produkte\/valises-et-sacs-a-outils\/modules\/"},{"@type":"ListItem","position":5,"name":"tool.module magnetic"}]},{"@type":"WebSite","@id":"https:\/\/www.b-w-international.com\/fr\/#website","url":"https:\/\/www.b-w-international.com\/fr\/","name":"B&W International","description":"","publisher":{"@id":"https:\/\/www.b-w-international.com\/fr\/#organization"},"potentialAction":[{"@type":"SearchAction","target":{"@type":"EntryPoint","urlTemplate":"https:\/\/www.b-w-international.com\/fr\/?s={search_term_string}"},"query-input":{"@type":"PropertyValueSpecification","valueRequired":true,"valueName":"search_term_string"}}],"inLanguage":"fr-FR"},{"@type":"Organization","@id":"https:\/\/www.b-w-international.com\/fr\/#organization","name":"B&W International","url":"https:\/\/www.b-w-international.com\/fr\/","logo":{"@type":"ImageObject","inLanguage":"fr-FR","@id":"https:\/\/www.b-w-international.com\/fr\/#\/schema\/logo\/image\/","url":"https:\/\/www.b-w-international.com\/wp-content\/uploads\/2024\/12\/16dbfc312f1eb060e7d95735c00f9ec6.png","contentUrl":"https:\/\/www.b-w-international.com\/wp-content\/uploads\/2024\/12\/16dbfc312f1eb060e7d95735c00f9ec6.png","width":219,"height":82,"caption":"B&W International"},"image":{"@id":"https:\/\/www.b-w-international.com\/fr\/#\/schema\/logo\/image\/"}}]}},"_links":{"self":[{"href":"https:\/\/www.b-w-international.com\/fr\/wp-json\/wp\/v2\/product\/15759","targetHints":{"allow":["GET"]}}],"collection":[{"href":"https:\/\/www.b-w-international.com\/fr\/wp-json\/wp\/v2\/product"}],"about":[{"href":"https:\/\/www.b-w-international.com\/fr\/wp-json\/wp\/v2\/types\/product"}],"wp:featuredmedia":[{"embeddable":true,"href":"https:\/\/www.b-w-international.com\/fr\/wp-json\/wp\/v2\/media\/13934"}],"wp:attachment":[{"href":"https:\/\/www.b-w-international.com\/fr\/wp-json\/wp\/v2\/media?parent=15759"}],"wp:term":[{"taxonomy":"product_brand","embeddable":true,"href":"https:\/\/www.b-w-international.com\/fr\/wp-json\/wp\/v2\/product_brand?post=15759"},{"taxonomy":"product_cat","embeddable":true,"href":"https:\/\/www.b-w-international.com\/fr\/wp-json\/wp\/v2\/product_cat?post=15759"},{"taxonomy":"product_tag","embeddable":true,"href":"https:\/\/www.b-w-international.com\/fr\/wp-json\/wp\/v2\/product_tag?post=15759"}],"curies":[{"name":"wp","href":"https:\/\/api.w.org\/{rel}","templated":true}]}}