{"id":15786,"date":"2025-05-23T11:04:44","date_gmt":"2025-05-23T09:04:44","guid":{"rendered":"https:\/\/www.b-w-international.com\/produkt\/tool-case-abs-360-go-xl\/"},"modified":"2025-10-21T10:15:23","modified_gmt":"2025-10-21T08:15:23","slug":"tool-case-abs-360-go-xl","status":"publish","type":"product","link":"https:\/\/www.b-w-international.com\/fr\/produkt\/tool-case-abs-360-go-xl\/","title":{"rendered":"tool.case ABS.360 | Go XL"},"content":{"rendered":"<div>\n<ul>\n<li>Bo\u00eetier de la mallette \u00e0 outils en plastique ABS durable<\/li>\n<li>Cadre en aluminium robuste avec protection contre les chocs<\/li>\n<li>2 glissi\u00e8res sur le rail inf\u00e9rieur du sol<\/li>\n<li>Avec serrures basculantes verrouillables<\/li>\n<li>Serrure \u00e0 combinaison<\/li>\n<li>Patins de sol<\/li>\n<li>Poign\u00e9e t\u00e9lescopique<\/li>\n<li>Trolley<\/li>\n<li>poign\u00e9e de transport ergonomique<\/li>\n<li>Couverture des charni\u00e8res<\/li>\n<li>Support de couvercle de s\u00e9curit\u00e9<\/li>\n<li>Coque de fond avec syst\u00e8me d&rsquo;entretoise en aluminium<\/li>\n<li>4 pieds de sol<\/li>\n<li>2 roulettes en ligne extra larges<\/li>\n<li>Compartiment pour documents au format A4 dans le couvercle<\/li>\n<li>Panneaux d&rsquo;outils : Loops et Pockets<\/li>\n<li>Garantie de 2 ans<\/li>\n<\/ul>\n<p><strong>Le contenu de la valise pr\u00e9sent\u00e9 n&rsquo;est pas inclus.<\/strong><\/p>\n<\/div>\n<div style=\"display:flex; gap:10px;justify-content:center\" class=\"wps-pgfw-pdf-generate-icon__wrapper-frontend\">\n\t\t<a  href=\"https:\/\/www.b-w-international.com\/fr\/wp-json\/wp\/v2\/product\/15786\/?action=genpdf&amp;id=15786\" class=\"pgfw-single-pdf-download-button\" target=_blank><img src=\"https:\/\/www.b-w-international.com\/wp-content\/uploads\/2025\/03\/icon-download.svg\" title=\"G\u00e9n\u00e9rer un PDF\" style=\"width:auto; height:45px;\"><\/a>\n\t\t<\/div>","protected":false},"excerpt":{"rendered":"<p>Bo\u00eetier de la mallette \u00e0 outils en plastique ABS durable Cadre en aluminium robuste avec protection contre les chocs 2 glissi\u00e8res sur le rail inf\u00e9rieur du sol Avec serrures basculantes verrouillables Serrure \u00e0 combinaison Patins de sol Poign\u00e9e t\u00e9lescopique Trolley poign\u00e9e de transport ergonomique Couverture des charni\u00e8res Support de couvercle de s\u00e9curit\u00e9 Coque de fond [&hellip;]<\/p>\n","protected":false},"featured_media":22135,"template":"","meta":{"_acf_changed":false},"product_brand":[],"product_cat":[211,414],"product_tag":[],"class_list":{"0":"post-15786","1":"product","2":"type-product","3":"status-publish","4":"has-post-thumbnail","6":"product_features-garantie-de-2-ans","7":"product_features-poignee-coulissante","8":"product_features-poignee-ergonomique","9":"product_features-protection-des-bords","10":"product_features-roulettes","11":"product_features-serrure-a-combinaison","12":"product_cat-boite-a-outils","13":"product_cat-valises-et-sacs-a-outils","14":"pa_farbe-noir","16":"first","17":"instock","18":"product-type-simple"},"acf":[],"yoast_head":"<title>tool.case ABS.360 | Bo\u00eete \u00e0 outils B&amp;W Go XL<\/title>\n<meta name=\"description\" content=\"Mallette \u00e0 outils B&amp;W ABS.360 GO XL \u2713roulante \u2713mat\u00e9riau ABS robuste \u2713fermable \u00e0 cl\u00e9 \u2713int\u00e9rieur flexible \u2794 Travaillez maintenant de mani\u00e8re mobile et s\u00fbre !\" \/>\n<meta name=\"robots\" content=\"index, follow, max-snippet:-1, max-image-preview:large, max-video-preview:-1\" \/>\n<link rel=\"canonical\" href=\"https:\/\/www.b-w-international.com\/fr\/produkt\/tool-case-abs-360-go-xl\/\" \/>\n<meta property=\"og:locale\" content=\"fr_FR\" \/>\n<meta property=\"og:type\" content=\"article\" \/>\n<meta property=\"og:title\" content=\"tool.case ABS.360 | Bo\u00eete \u00e0 outils B&amp;W Go XL\" \/>\n<meta property=\"og:description\" content=\"Mallette \u00e0 outils B&amp;W ABS.360 GO XL \u2713roulante \u2713mat\u00e9riau ABS robuste \u2713fermable \u00e0 cl\u00e9 \u2713int\u00e9rieur flexible \u2794 Travaillez maintenant de mani\u00e8re mobile et s\u00fbre !\" \/>\n<meta property=\"og:url\" content=\"https:\/\/www.b-w-international.com\/fr\/produkt\/tool-case-abs-360-go-xl\/\" \/>\n<meta property=\"og:site_name\" content=\"B&amp;W International\" \/>\n<meta property=\"article:modified_time\" content=\"2025-10-21T08:15:23+00:00\" \/>\n<meta property=\"og:image\" content=\"https:\/\/www.b-w-international.com\/wp-content\/uploads\/2025\/05\/tool-case_ABS-360_GoXL_LPT_open-empty-side_bw-international-1.jpg\" \/>\n\t<meta property=\"og:image:width\" content=\"1920\" \/>\n\t<meta property=\"og:image:height\" content=\"1920\" \/>\n\t<meta property=\"og:image:type\" content=\"image\/jpeg\" \/>\n<meta name=\"twitter:card\" content=\"summary_large_image\" \/>\n<meta name=\"twitter:label1\" content=\"Dur\u00e9e de lecture estim\u00e9e\" \/>\n\t<meta name=\"twitter:data1\" content=\"1 minute\" \/>\n<script type=\"application\/ld+json\" class=\"yoast-schema-graph\">{\"@context\":\"https:\/\/schema.org\",\"@graph\":[{\"@type\":\"WebPage\",\"@id\":\"https:\/\/www.b-w-international.com\/fr\/produkt\/tool-case-abs-360-go-xl\/\",\"url\":\"https:\/\/www.b-w-international.com\/fr\/produkt\/tool-case-abs-360-go-xl\/\",\"name\":\"tool.case ABS.360 | Bo\u00eete \u00e0 outils B&W Go XL\",\"isPartOf\":{\"@id\":\"https:\/\/www.b-w-international.com\/fr\/#website\"},\"primaryImageOfPage\":{\"@id\":\"https:\/\/www.b-w-international.com\/fr\/produkt\/tool-case-abs-360-go-xl\/#primaryimage\"},\"image\":{\"@id\":\"https:\/\/www.b-w-international.com\/fr\/produkt\/tool-case-abs-360-go-xl\/#primaryimage\"},\"thumbnailUrl\":\"https:\/\/www.b-w-international.com\/wp-content\/uploads\/2025\/05\/tool-case_ABS-360_GoXL_LPT_open-empty-side_bw-international-1.jpg\",\"datePublished\":\"2025-05-23T09:04:44+00:00\",\"dateModified\":\"2025-10-21T08:15:23+00:00\",\"description\":\"Mallette \u00e0 outils B&W ABS.360 GO XL \u2713roulante \u2713mat\u00e9riau ABS robuste \u2713fermable \u00e0 cl\u00e9 \u2713int\u00e9rieur flexible \u2794 Travaillez maintenant de mani\u00e8re mobile et s\u00fbre !\",\"breadcrumb\":{\"@id\":\"https:\/\/www.b-w-international.com\/fr\/produkt\/tool-case-abs-360-go-xl\/#breadcrumb\"},\"inLanguage\":\"fr-FR\",\"potentialAction\":[{\"@type\":\"ReadAction\",\"target\":[\"https:\/\/www.b-w-international.com\/fr\/produkt\/tool-case-abs-360-go-xl\/\"]}]},{\"@type\":\"ImageObject\",\"inLanguage\":\"fr-FR\",\"@id\":\"https:\/\/www.b-w-international.com\/fr\/produkt\/tool-case-abs-360-go-xl\/#primaryimage\",\"url\":\"https:\/\/www.b-w-international.com\/wp-content\/uploads\/2025\/05\/tool-case_ABS-360_GoXL_LPT_open-empty-side_bw-international-1.jpg\",\"contentUrl\":\"https:\/\/www.b-w-international.com\/wp-content\/uploads\/2025\/05\/tool-case_ABS-360_GoXL_LPT_open-empty-side_bw-international-1.jpg\",\"width\":1920,\"height\":1920,\"caption\":\"B&W International gro\u00dfer ABS 360 GoXL Werkzeugkoffer mit stabilem Geh\u00e4use, integrierten Werkzeugtafeln und zahlreichen F\u00e4chern.\"},{\"@type\":\"BreadcrumbList\",\"@id\":\"https:\/\/www.b-w-international.com\/fr\/produkt\/tool-case-abs-360-go-xl\/#breadcrumb\",\"itemListElement\":[{\"@type\":\"ListItem\",\"position\":1,\"name\":\"Home\",\"item\":\"https:\/\/www.b-w-international.com\/fr\/\"},{\"@type\":\"ListItem\",\"position\":2,\"name\":\"Produits\",\"item\":\"https:\/\/www.b-w-international.com\/fr\/boutique\/\"},{\"@type\":\"ListItem\",\"position\":3,\"name\":\"Valises et sacs \u00e0 outils\",\"item\":\"https:\/\/www.b-w-international.com\/fr\/produkte\/valises-et-sacs-a-outils\/\"},{\"@type\":\"ListItem\",\"position\":4,\"name\":\"Bo\u00eete \u00e0 outils\",\"item\":\"https:\/\/www.b-w-international.com\/fr\/produkte\/valises-et-sacs-a-outils\/boite-a-outils\/\"},{\"@type\":\"ListItem\",\"position\":5,\"name\":\"tool.case ABS.360 | Go XL\"}]},{\"@type\":\"WebSite\",\"@id\":\"https:\/\/www.b-w-international.com\/fr\/#website\",\"url\":\"https:\/\/www.b-w-international.com\/fr\/\",\"name\":\"B&W International\",\"description\":\"\",\"publisher\":{\"@id\":\"https:\/\/www.b-w-international.com\/fr\/#organization\"},\"potentialAction\":[{\"@type\":\"SearchAction\",\"target\":{\"@type\":\"EntryPoint\",\"urlTemplate\":\"https:\/\/www.b-w-international.com\/fr\/?s={search_term_string}\"},\"query-input\":{\"@type\":\"PropertyValueSpecification\",\"valueRequired\":true,\"valueName\":\"search_term_string\"}}],\"inLanguage\":\"fr-FR\"},{\"@type\":\"Organization\",\"@id\":\"https:\/\/www.b-w-international.com\/fr\/#organization\",\"name\":\"B&W International\",\"url\":\"https:\/\/www.b-w-international.com\/fr\/\",\"logo\":{\"@type\":\"ImageObject\",\"inLanguage\":\"fr-FR\",\"@id\":\"https:\/\/www.b-w-international.com\/fr\/#\/schema\/logo\/image\/\",\"url\":\"https:\/\/www.b-w-international.com\/wp-content\/uploads\/2024\/12\/16dbfc312f1eb060e7d95735c00f9ec6.png\",\"contentUrl\":\"https:\/\/www.b-w-international.com\/wp-content\/uploads\/2024\/12\/16dbfc312f1eb060e7d95735c00f9ec6.png\",\"width\":219,\"height\":82,\"caption\":\"B&W International\"},\"image\":{\"@id\":\"https:\/\/www.b-w-international.com\/fr\/#\/schema\/logo\/image\/\"}}]}<\/script>","yoast_head_json":{"title":"tool.case ABS.360 | Bo\u00eete \u00e0 outils B&W Go XL","description":"Mallette \u00e0 outils B&W ABS.360 GO XL \u2713roulante \u2713mat\u00e9riau ABS robuste \u2713fermable \u00e0 cl\u00e9 \u2713int\u00e9rieur flexible \u2794 Travaillez maintenant de mani\u00e8re mobile et s\u00fbre !","robots":{"index":"index","follow":"follow","max-snippet":"max-snippet:-1","max-image-preview":"max-image-preview:large","max-video-preview":"max-video-preview:-1"},"canonical":"https:\/\/www.b-w-international.com\/fr\/produkt\/tool-case-abs-360-go-xl\/","og_locale":"fr_FR","og_type":"article","og_title":"tool.case ABS.360 | Bo\u00eete \u00e0 outils B&W Go XL","og_description":"Mallette \u00e0 outils B&W ABS.360 GO XL \u2713roulante \u2713mat\u00e9riau ABS robuste \u2713fermable \u00e0 cl\u00e9 \u2713int\u00e9rieur flexible \u2794 Travaillez maintenant de mani\u00e8re mobile et s\u00fbre !","og_url":"https:\/\/www.b-w-international.com\/fr\/produkt\/tool-case-abs-360-go-xl\/","og_site_name":"B&amp;W International","article_modified_time":"2025-10-21T08:15:23+00:00","og_image":[{"width":1920,"height":1920,"url":"https:\/\/www.b-w-international.com\/wp-content\/uploads\/2025\/05\/tool-case_ABS-360_GoXL_LPT_open-empty-side_bw-international-1.jpg","type":"image\/jpeg"}],"twitter_card":"summary_large_image","twitter_misc":{"Dur\u00e9e de lecture estim\u00e9e":"1 minute"},"schema":{"@context":"https:\/\/schema.org","@graph":[{"@type":"WebPage","@id":"https:\/\/www.b-w-international.com\/fr\/produkt\/tool-case-abs-360-go-xl\/","url":"https:\/\/www.b-w-international.com\/fr\/produkt\/tool-case-abs-360-go-xl\/","name":"tool.case ABS.360 | Bo\u00eete \u00e0 outils B&W Go XL","isPartOf":{"@id":"https:\/\/www.b-w-international.com\/fr\/#website"},"primaryImageOfPage":{"@id":"https:\/\/www.b-w-international.com\/fr\/produkt\/tool-case-abs-360-go-xl\/#primaryimage"},"image":{"@id":"https:\/\/www.b-w-international.com\/fr\/produkt\/tool-case-abs-360-go-xl\/#primaryimage"},"thumbnailUrl":"https:\/\/www.b-w-international.com\/wp-content\/uploads\/2025\/05\/tool-case_ABS-360_GoXL_LPT_open-empty-side_bw-international-1.jpg","datePublished":"2025-05-23T09:04:44+00:00","dateModified":"2025-10-21T08:15:23+00:00","description":"Mallette \u00e0 outils B&W ABS.360 GO XL \u2713roulante \u2713mat\u00e9riau ABS robuste \u2713fermable \u00e0 cl\u00e9 \u2713int\u00e9rieur flexible \u2794 Travaillez maintenant de mani\u00e8re mobile et s\u00fbre !","breadcrumb":{"@id":"https:\/\/www.b-w-international.com\/fr\/produkt\/tool-case-abs-360-go-xl\/#breadcrumb"},"inLanguage":"fr-FR","potentialAction":[{"@type":"ReadAction","target":["https:\/\/www.b-w-international.com\/fr\/produkt\/tool-case-abs-360-go-xl\/"]}]},{"@type":"ImageObject","inLanguage":"fr-FR","@id":"https:\/\/www.b-w-international.com\/fr\/produkt\/tool-case-abs-360-go-xl\/#primaryimage","url":"https:\/\/www.b-w-international.com\/wp-content\/uploads\/2025\/05\/tool-case_ABS-360_GoXL_LPT_open-empty-side_bw-international-1.jpg","contentUrl":"https:\/\/www.b-w-international.com\/wp-content\/uploads\/2025\/05\/tool-case_ABS-360_GoXL_LPT_open-empty-side_bw-international-1.jpg","width":1920,"height":1920,"caption":"B&W International gro\u00dfer ABS 360 GoXL Werkzeugkoffer mit stabilem Geh\u00e4use, integrierten Werkzeugtafeln und zahlreichen F\u00e4chern."},{"@type":"BreadcrumbList","@id":"https:\/\/www.b-w-international.com\/fr\/produkt\/tool-case-abs-360-go-xl\/#breadcrumb","itemListElement":[{"@type":"ListItem","position":1,"name":"Home","item":"https:\/\/www.b-w-international.com\/fr\/"},{"@type":"ListItem","position":2,"name":"Produits","item":"https:\/\/www.b-w-international.com\/fr\/boutique\/"},{"@type":"ListItem","position":3,"name":"Valises et sacs \u00e0 outils","item":"https:\/\/www.b-w-international.com\/fr\/produkte\/valises-et-sacs-a-outils\/"},{"@type":"ListItem","position":4,"name":"Bo\u00eete \u00e0 outils","item":"https:\/\/www.b-w-international.com\/fr\/produkte\/valises-et-sacs-a-outils\/boite-a-outils\/"},{"@type":"ListItem","position":5,"name":"tool.case ABS.360 | Go XL"}]},{"@type":"WebSite","@id":"https:\/\/www.b-w-international.com\/fr\/#website","url":"https:\/\/www.b-w-international.com\/fr\/","name":"B&W International","description":"","publisher":{"@id":"https:\/\/www.b-w-international.com\/fr\/#organization"},"potentialAction":[{"@type":"SearchAction","target":{"@type":"EntryPoint","urlTemplate":"https:\/\/www.b-w-international.com\/fr\/?s={search_term_string}"},"query-input":{"@type":"PropertyValueSpecification","valueRequired":true,"valueName":"search_term_string"}}],"inLanguage":"fr-FR"},{"@type":"Organization","@id":"https:\/\/www.b-w-international.com\/fr\/#organization","name":"B&W International","url":"https:\/\/www.b-w-international.com\/fr\/","logo":{"@type":"ImageObject","inLanguage":"fr-FR","@id":"https:\/\/www.b-w-international.com\/fr\/#\/schema\/logo\/image\/","url":"https:\/\/www.b-w-international.com\/wp-content\/uploads\/2024\/12\/16dbfc312f1eb060e7d95735c00f9ec6.png","contentUrl":"https:\/\/www.b-w-international.com\/wp-content\/uploads\/2024\/12\/16dbfc312f1eb060e7d95735c00f9ec6.png","width":219,"height":82,"caption":"B&W International"},"image":{"@id":"https:\/\/www.b-w-international.com\/fr\/#\/schema\/logo\/image\/"}}]}},"_links":{"self":[{"href":"https:\/\/www.b-w-international.com\/fr\/wp-json\/wp\/v2\/product\/15786","targetHints":{"allow":["GET"]}}],"collection":[{"href":"https:\/\/www.b-w-international.com\/fr\/wp-json\/wp\/v2\/product"}],"about":[{"href":"https:\/\/www.b-w-international.com\/fr\/wp-json\/wp\/v2\/types\/product"}],"wp:featuredmedia":[{"embeddable":true,"href":"https:\/\/www.b-w-international.com\/fr\/wp-json\/wp\/v2\/media\/22135"}],"wp:attachment":[{"href":"https:\/\/www.b-w-international.com\/fr\/wp-json\/wp\/v2\/media?parent=15786"}],"wp:term":[{"taxonomy":"product_brand","embeddable":true,"href":"https:\/\/www.b-w-international.com\/fr\/wp-json\/wp\/v2\/product_brand?post=15786"},{"taxonomy":"product_cat","embeddable":true,"href":"https:\/\/www.b-w-international.com\/fr\/wp-json\/wp\/v2\/product_cat?post=15786"},{"taxonomy":"product_tag","embeddable":true,"href":"https:\/\/www.b-w-international.com\/fr\/wp-json\/wp\/v2\/product_tag?post=15786"}],"curies":[{"name":"wp","href":"https:\/\/api.w.org\/{rel}","templated":true}]}}