{"id":21289,"date":"2025-08-27T07:47:18","date_gmt":"2025-08-27T05:47:18","guid":{"rendered":"https:\/\/www.b-w-international.com\/?post_type=product&#038;p=21289"},"modified":"2025-08-27T07:48:28","modified_gmt":"2025-08-27T05:48:28","slug":"bw-case-pp-162-bag-combinaison-du-sac-bw-et-dune-mallette-robuste-bw-a-usages-multiples-kopie","status":"publish","type":"product","link":"https:\/\/www.b-w-international.com\/fr\/produkt\/bw-case-pp-162-bag-combinaison-du-sac-bw-et-dune-mallette-robuste-bw-a-usages-multiples-kopie\/","title":{"rendered":"bw.case PP.162.BAG | Combinaison du sac B&amp;W et d&rsquo;une mallette robuste B&amp;W \u00e0 usages multiples (Kopie)"},"content":{"rendered":"<div>\n<ul>\n<li>Combinaison d&rsquo;un sac B&amp;W et d&rsquo;une mallette robuste \u00e0 usages multiples B&amp;W<\/li>\n<li>Mallette extr\u00eamement solide : bo\u00eetier en polypropyl\u00e8ne (PP)<\/li>\n<li>Certificat d&rsquo;homologation ONU<\/li>\n<li>Empilable<\/li>\n<li>Etanche \u00e0 la poussi\u00e8re<\/li>\n<li>\u00c9tanche (indice de protection IP 67)<\/li>\n<li>Stable en temp\u00e9rature de -30 \u00b0C \u00e0 +80 \u00b0C<\/li>\n<li>Apte au vol : valve automatique de compensation de la pression atmosph\u00e9rique<\/li>\n<li>2 \u0153illets pour cadenas (\u00d8 7 mm)<\/li>\n<li>Poign\u00e9e caoutchout\u00e9e<\/li>\n<li>Fermetures \u00e0 deux niveaux<\/li>\n<li>Charni\u00e8re de d\u00e9crochage en option pour le couvercle amovible<\/li>\n<li>Garantie fabricant de 30 ans sur la mallette<\/li>\n<li>Sac souple en polyester r\u00e9sistant \u00e0 l&rsquo;eau<\/li>\n<li>Fermeture \u00e0 glissi\u00e8re \u00e0 double sens facile \u00e0 ouvrir<\/li>\n<li>Compartimentage variable &#8211; configur\u00e9 pour le combo DJI Neo Fly More<\/li>\n<li>Deux poches en filet<\/li>\n<li>Une poche avant<\/li>\n<\/ul>\n<\/div>\n<div style=\"display:flex; gap:10px;justify-content:center\" class=\"wps-pgfw-pdf-generate-icon__wrapper-frontend\">\n\t\t<a  href=\"https:\/\/www.b-w-international.com\/fr\/wp-json\/wp\/v2\/product\/21289\/?action=genpdf&amp;id=21289\" class=\"pgfw-single-pdf-download-button\" target=_blank><img src=\"https:\/\/www.b-w-international.com\/wp-content\/uploads\/2025\/03\/icon-download.svg\" title=\"G\u00e9n\u00e9rer un PDF\" style=\"width:auto; height:45px;\"><\/a>\n\t\t<\/div>","protected":false},"excerpt":{"rendered":"<p>Combinaison d&rsquo;un sac B&amp;W et d&rsquo;une mallette robuste \u00e0 usages multiples B&amp;W Mallette extr\u00eamement solide : bo\u00eetier en polypropyl\u00e8ne (PP) Certificat d&rsquo;homologation ONU Empilable Etanche \u00e0 la poussi\u00e8re \u00c9tanche (indice de protection IP 67) Stable en temp\u00e9rature de -30 \u00b0C \u00e0 +80 \u00b0C Apte au vol : valve automatique de compensation de la pression atmosph\u00e9rique [&hellip;]<\/p>\n","protected":false},"featured_media":13135,"template":"","meta":{"_acf_changed":false},"product_brand":[],"product_cat":[171,501],"product_tag":[],"class_list":{"0":"post-21289","1":"product","2":"type-product","3":"status-publish","4":"has-post-thumbnail","6":"product_cat-accessoires-mallette-multi-usages","7":"product_cat-accessoires-photo-et-video","8":"pa_farbe-bronze-vert","9":"pa_farbe-noir","11":"first","12":"instock","13":"product-type-variable"},"acf":[],"yoast_head":"<title>bw.case PP.162.BAG | Combinaison du sac B&amp;W et d&#039;une mallette robuste B&amp;W \u00e0 usages multiples (Kopie) - B&amp;W International<\/title>\n<meta name=\"robots\" content=\"index, follow, max-snippet:-1, max-image-preview:large, max-video-preview:-1\" \/>\n<link rel=\"canonical\" href=\"https:\/\/www.b-w-international.com\/fr\/produkt\/bw-case-pp-162-bag-combinaison-du-sac-bw-et-dune-mallette-robuste-bw-a-usages-multiples-kopie\/\" \/>\n<meta property=\"og:locale\" content=\"fr_FR\" \/>\n<meta property=\"og:type\" content=\"article\" \/>\n<meta property=\"og:title\" content=\"bw.case PP.162.BAG | Combinaison du sac B&amp;W et d&#039;une mallette robuste B&amp;W \u00e0 usages multiples (Kopie) - B&amp;W International\" \/>\n<meta property=\"og:description\" content=\"Combinaison d&rsquo;un sac B&amp;W et d&rsquo;une mallette robuste \u00e0 usages multiples B&amp;W Mallette extr\u00eamement solide : bo\u00eetier en polypropyl\u00e8ne (PP) Certificat d&rsquo;homologation ONU Empilable Etanche \u00e0 la poussi\u00e8re \u00c9tanche (indice de protection IP 67) Stable en temp\u00e9rature de -30 \u00b0C \u00e0 +80 \u00b0C Apte au vol : valve automatique de compensation de la pression atmosph\u00e9rique [&hellip;]\" \/>\n<meta property=\"og:url\" content=\"https:\/\/www.b-w-international.com\/fr\/produkt\/bw-case-pp-162-bag-combinaison-du-sac-bw-et-dune-mallette-robuste-bw-a-usages-multiples-kopie\/\" \/>\n<meta property=\"og:site_name\" content=\"B&amp;W International\" \/>\n<meta property=\"article:modified_time\" content=\"2025-08-27T05:48:28+00:00\" \/>\n<meta property=\"og:image\" content=\"https:\/\/www.b-w-international.com\/wp-content\/uploads\/2025\/05\/5040_tex-162_B_media-set_RPD_bw-international.jpg\" \/>\n\t<meta property=\"og:image:width\" content=\"1920\" \/>\n\t<meta property=\"og:image:height\" content=\"1920\" \/>\n\t<meta property=\"og:image:type\" content=\"image\/jpeg\" \/>\n<meta name=\"twitter:card\" content=\"summary_large_image\" \/>\n<meta name=\"twitter:label1\" content=\"Dur\u00e9e de lecture estim\u00e9e\" \/>\n\t<meta name=\"twitter:data1\" content=\"1 minute\" \/>\n<script type=\"application\/ld+json\" class=\"yoast-schema-graph\">{\"@context\":\"https:\/\/schema.org\",\"@graph\":[{\"@type\":\"WebPage\",\"@id\":\"https:\/\/www.b-w-international.com\/fr\/produkt\/bw-case-pp-162-bag-combinaison-du-sac-bw-et-dune-mallette-robuste-bw-a-usages-multiples-kopie\/\",\"url\":\"https:\/\/www.b-w-international.com\/fr\/produkt\/bw-case-pp-162-bag-combinaison-du-sac-bw-et-dune-mallette-robuste-bw-a-usages-multiples-kopie\/\",\"name\":\"bw.case PP.162.BAG | Combinaison du sac B&amp;W et d'une mallette robuste B&amp;W \u00e0 usages multiples (Kopie) - B&amp;W International\",\"isPartOf\":{\"@id\":\"https:\/\/www.b-w-international.com\/fr\/#website\"},\"primaryImageOfPage\":{\"@id\":\"https:\/\/www.b-w-international.com\/fr\/produkt\/bw-case-pp-162-bag-combinaison-du-sac-bw-et-dune-mallette-robuste-bw-a-usages-multiples-kopie\/#primaryimage\"},\"image\":{\"@id\":\"https:\/\/www.b-w-international.com\/fr\/produkt\/bw-case-pp-162-bag-combinaison-du-sac-bw-et-dune-mallette-robuste-bw-a-usages-multiples-kopie\/#primaryimage\"},\"thumbnailUrl\":\"https:\/\/www.b-w-international.com\/wp-content\/uploads\/2025\/05\/5040_tex-162_B_media-set_RPD_bw-international.jpg\",\"datePublished\":\"2025-08-27T05:47:18+00:00\",\"dateModified\":\"2025-08-27T05:48:28+00:00\",\"breadcrumb\":{\"@id\":\"https:\/\/www.b-w-international.com\/fr\/produkt\/bw-case-pp-162-bag-combinaison-du-sac-bw-et-dune-mallette-robuste-bw-a-usages-multiples-kopie\/#breadcrumb\"},\"inLanguage\":\"fr-FR\",\"potentialAction\":[{\"@type\":\"ReadAction\",\"target\":[\"https:\/\/www.b-w-international.com\/fr\/produkt\/bw-case-pp-162-bag-combinaison-du-sac-bw-et-dune-mallette-robuste-bw-a-usages-multiples-kopie\/\"]}]},{\"@type\":\"ImageObject\",\"inLanguage\":\"fr-FR\",\"@id\":\"https:\/\/www.b-w-international.com\/fr\/produkt\/bw-case-pp-162-bag-combinaison-du-sac-bw-et-dune-mallette-robuste-bw-a-usages-multiples-kopie\/#primaryimage\",\"url\":\"https:\/\/www.b-w-international.com\/wp-content\/uploads\/2025\/05\/5040_tex-162_B_media-set_RPD_bw-international.jpg\",\"contentUrl\":\"https:\/\/www.b-w-international.com\/wp-content\/uploads\/2025\/05\/5040_tex-162_B_media-set_RPD_bw-international.jpg\",\"width\":1920,\"height\":1920,\"caption\":\"Ge\u00f6ffneter schwarze TEX Tasche von B&W International mit schwarzer Schaumstoffeinlage und Tragegurt.\"},{\"@type\":\"BreadcrumbList\",\"@id\":\"https:\/\/www.b-w-international.com\/fr\/produkt\/bw-case-pp-162-bag-combinaison-du-sac-bw-et-dune-mallette-robuste-bw-a-usages-multiples-kopie\/#breadcrumb\",\"itemListElement\":[{\"@type\":\"ListItem\",\"position\":1,\"name\":\"Home\",\"item\":\"https:\/\/www.b-w-international.com\/fr\/\"},{\"@type\":\"ListItem\",\"position\":2,\"name\":\"Produits\",\"item\":\"https:\/\/www.b-w-international.com\/fr\/boutique\/\"},{\"@type\":\"ListItem\",\"position\":3,\"name\":\"Mallette multi-usages\",\"item\":\"https:\/\/www.b-w-international.com\/fr\/produkte\/mallette-multi-usages\/\"},{\"@type\":\"ListItem\",\"position\":4,\"name\":\"Accessoires\",\"item\":\"https:\/\/www.b-w-international.com\/fr\/produkte\/mallette-multi-usages\/accessoires-mallette-multi-usages\/\"},{\"@type\":\"ListItem\",\"position\":5,\"name\":\"bw.case PP.162.BAG | Combinaison du sac B&amp;W et d&#8217;une mallette robuste B&amp;W \u00e0 usages multiples (Kopie)\"}]},{\"@type\":\"WebSite\",\"@id\":\"https:\/\/www.b-w-international.com\/fr\/#website\",\"url\":\"https:\/\/www.b-w-international.com\/fr\/\",\"name\":\"B&W International\",\"description\":\"\",\"publisher\":{\"@id\":\"https:\/\/www.b-w-international.com\/fr\/#organization\"},\"potentialAction\":[{\"@type\":\"SearchAction\",\"target\":{\"@type\":\"EntryPoint\",\"urlTemplate\":\"https:\/\/www.b-w-international.com\/fr\/?s={search_term_string}\"},\"query-input\":{\"@type\":\"PropertyValueSpecification\",\"valueRequired\":true,\"valueName\":\"search_term_string\"}}],\"inLanguage\":\"fr-FR\"},{\"@type\":\"Organization\",\"@id\":\"https:\/\/www.b-w-international.com\/fr\/#organization\",\"name\":\"B&W International\",\"url\":\"https:\/\/www.b-w-international.com\/fr\/\",\"logo\":{\"@type\":\"ImageObject\",\"inLanguage\":\"fr-FR\",\"@id\":\"https:\/\/www.b-w-international.com\/fr\/#\/schema\/logo\/image\/\",\"url\":\"https:\/\/www.b-w-international.com\/wp-content\/uploads\/2024\/12\/16dbfc312f1eb060e7d95735c00f9ec6.png\",\"contentUrl\":\"https:\/\/www.b-w-international.com\/wp-content\/uploads\/2024\/12\/16dbfc312f1eb060e7d95735c00f9ec6.png\",\"width\":219,\"height\":82,\"caption\":\"B&W International\"},\"image\":{\"@id\":\"https:\/\/www.b-w-international.com\/fr\/#\/schema\/logo\/image\/\"}}]}<\/script>","yoast_head_json":{"title":"bw.case PP.162.BAG | Combinaison du sac B&amp;W et d'une mallette robuste B&amp;W \u00e0 usages multiples (Kopie) - B&amp;W International","robots":{"index":"index","follow":"follow","max-snippet":"max-snippet:-1","max-image-preview":"max-image-preview:large","max-video-preview":"max-video-preview:-1"},"canonical":"https:\/\/www.b-w-international.com\/fr\/produkt\/bw-case-pp-162-bag-combinaison-du-sac-bw-et-dune-mallette-robuste-bw-a-usages-multiples-kopie\/","og_locale":"fr_FR","og_type":"article","og_title":"bw.case PP.162.BAG | Combinaison du sac B&amp;W et d'une mallette robuste B&amp;W \u00e0 usages multiples (Kopie) - B&amp;W International","og_description":"Combinaison d&rsquo;un sac B&amp;W et d&rsquo;une mallette robuste \u00e0 usages multiples B&amp;W Mallette extr\u00eamement solide : bo\u00eetier en polypropyl\u00e8ne (PP) Certificat d&rsquo;homologation ONU Empilable Etanche \u00e0 la poussi\u00e8re \u00c9tanche (indice de protection IP 67) Stable en temp\u00e9rature de -30 \u00b0C \u00e0 +80 \u00b0C Apte au vol : valve automatique de compensation de la pression atmosph\u00e9rique [&hellip;]","og_url":"https:\/\/www.b-w-international.com\/fr\/produkt\/bw-case-pp-162-bag-combinaison-du-sac-bw-et-dune-mallette-robuste-bw-a-usages-multiples-kopie\/","og_site_name":"B&amp;W International","article_modified_time":"2025-08-27T05:48:28+00:00","og_image":[{"width":1920,"height":1920,"url":"https:\/\/www.b-w-international.com\/wp-content\/uploads\/2025\/05\/5040_tex-162_B_media-set_RPD_bw-international.jpg","type":"image\/jpeg"}],"twitter_card":"summary_large_image","twitter_misc":{"Dur\u00e9e de lecture estim\u00e9e":"1 minute"},"schema":{"@context":"https:\/\/schema.org","@graph":[{"@type":"WebPage","@id":"https:\/\/www.b-w-international.com\/fr\/produkt\/bw-case-pp-162-bag-combinaison-du-sac-bw-et-dune-mallette-robuste-bw-a-usages-multiples-kopie\/","url":"https:\/\/www.b-w-international.com\/fr\/produkt\/bw-case-pp-162-bag-combinaison-du-sac-bw-et-dune-mallette-robuste-bw-a-usages-multiples-kopie\/","name":"bw.case PP.162.BAG | Combinaison du sac B&amp;W et d'une mallette robuste B&amp;W \u00e0 usages multiples (Kopie) - B&amp;W International","isPartOf":{"@id":"https:\/\/www.b-w-international.com\/fr\/#website"},"primaryImageOfPage":{"@id":"https:\/\/www.b-w-international.com\/fr\/produkt\/bw-case-pp-162-bag-combinaison-du-sac-bw-et-dune-mallette-robuste-bw-a-usages-multiples-kopie\/#primaryimage"},"image":{"@id":"https:\/\/www.b-w-international.com\/fr\/produkt\/bw-case-pp-162-bag-combinaison-du-sac-bw-et-dune-mallette-robuste-bw-a-usages-multiples-kopie\/#primaryimage"},"thumbnailUrl":"https:\/\/www.b-w-international.com\/wp-content\/uploads\/2025\/05\/5040_tex-162_B_media-set_RPD_bw-international.jpg","datePublished":"2025-08-27T05:47:18+00:00","dateModified":"2025-08-27T05:48:28+00:00","breadcrumb":{"@id":"https:\/\/www.b-w-international.com\/fr\/produkt\/bw-case-pp-162-bag-combinaison-du-sac-bw-et-dune-mallette-robuste-bw-a-usages-multiples-kopie\/#breadcrumb"},"inLanguage":"fr-FR","potentialAction":[{"@type":"ReadAction","target":["https:\/\/www.b-w-international.com\/fr\/produkt\/bw-case-pp-162-bag-combinaison-du-sac-bw-et-dune-mallette-robuste-bw-a-usages-multiples-kopie\/"]}]},{"@type":"ImageObject","inLanguage":"fr-FR","@id":"https:\/\/www.b-w-international.com\/fr\/produkt\/bw-case-pp-162-bag-combinaison-du-sac-bw-et-dune-mallette-robuste-bw-a-usages-multiples-kopie\/#primaryimage","url":"https:\/\/www.b-w-international.com\/wp-content\/uploads\/2025\/05\/5040_tex-162_B_media-set_RPD_bw-international.jpg","contentUrl":"https:\/\/www.b-w-international.com\/wp-content\/uploads\/2025\/05\/5040_tex-162_B_media-set_RPD_bw-international.jpg","width":1920,"height":1920,"caption":"Ge\u00f6ffneter schwarze TEX Tasche von B&W International mit schwarzer Schaumstoffeinlage und Tragegurt."},{"@type":"BreadcrumbList","@id":"https:\/\/www.b-w-international.com\/fr\/produkt\/bw-case-pp-162-bag-combinaison-du-sac-bw-et-dune-mallette-robuste-bw-a-usages-multiples-kopie\/#breadcrumb","itemListElement":[{"@type":"ListItem","position":1,"name":"Home","item":"https:\/\/www.b-w-international.com\/fr\/"},{"@type":"ListItem","position":2,"name":"Produits","item":"https:\/\/www.b-w-international.com\/fr\/boutique\/"},{"@type":"ListItem","position":3,"name":"Mallette multi-usages","item":"https:\/\/www.b-w-international.com\/fr\/produkte\/mallette-multi-usages\/"},{"@type":"ListItem","position":4,"name":"Accessoires","item":"https:\/\/www.b-w-international.com\/fr\/produkte\/mallette-multi-usages\/accessoires-mallette-multi-usages\/"},{"@type":"ListItem","position":5,"name":"bw.case PP.162.BAG | Combinaison du sac B&amp;W et d&#8217;une mallette robuste B&amp;W \u00e0 usages multiples (Kopie)"}]},{"@type":"WebSite","@id":"https:\/\/www.b-w-international.com\/fr\/#website","url":"https:\/\/www.b-w-international.com\/fr\/","name":"B&W International","description":"","publisher":{"@id":"https:\/\/www.b-w-international.com\/fr\/#organization"},"potentialAction":[{"@type":"SearchAction","target":{"@type":"EntryPoint","urlTemplate":"https:\/\/www.b-w-international.com\/fr\/?s={search_term_string}"},"query-input":{"@type":"PropertyValueSpecification","valueRequired":true,"valueName":"search_term_string"}}],"inLanguage":"fr-FR"},{"@type":"Organization","@id":"https:\/\/www.b-w-international.com\/fr\/#organization","name":"B&W International","url":"https:\/\/www.b-w-international.com\/fr\/","logo":{"@type":"ImageObject","inLanguage":"fr-FR","@id":"https:\/\/www.b-w-international.com\/fr\/#\/schema\/logo\/image\/","url":"https:\/\/www.b-w-international.com\/wp-content\/uploads\/2024\/12\/16dbfc312f1eb060e7d95735c00f9ec6.png","contentUrl":"https:\/\/www.b-w-international.com\/wp-content\/uploads\/2024\/12\/16dbfc312f1eb060e7d95735c00f9ec6.png","width":219,"height":82,"caption":"B&W International"},"image":{"@id":"https:\/\/www.b-w-international.com\/fr\/#\/schema\/logo\/image\/"}}]}},"_links":{"self":[{"href":"https:\/\/www.b-w-international.com\/fr\/wp-json\/wp\/v2\/product\/21289","targetHints":{"allow":["GET"]}}],"collection":[{"href":"https:\/\/www.b-w-international.com\/fr\/wp-json\/wp\/v2\/product"}],"about":[{"href":"https:\/\/www.b-w-international.com\/fr\/wp-json\/wp\/v2\/types\/product"}],"wp:featuredmedia":[{"embeddable":true,"href":"https:\/\/www.b-w-international.com\/fr\/wp-json\/wp\/v2\/media\/13135"}],"wp:attachment":[{"href":"https:\/\/www.b-w-international.com\/fr\/wp-json\/wp\/v2\/media?parent=21289"}],"wp:term":[{"taxonomy":"product_brand","embeddable":true,"href":"https:\/\/www.b-w-international.com\/fr\/wp-json\/wp\/v2\/product_brand?post=21289"},{"taxonomy":"product_cat","embeddable":true,"href":"https:\/\/www.b-w-international.com\/fr\/wp-json\/wp\/v2\/product_cat?post=21289"},{"taxonomy":"product_tag","embeddable":true,"href":"https:\/\/www.b-w-international.com\/fr\/wp-json\/wp\/v2\/product_tag?post=21289"}],"curies":[{"name":"wp","href":"https:\/\/api.w.org\/{rel}","templated":true}]}}