{"id":23014,"date":"2025-12-22T11:27:45","date_gmt":"2025-12-22T10:27:45","guid":{"rendered":"https:\/\/www.b-w-international.com\/?post_type=product&#038;p=23014"},"modified":"2026-03-06T10:58:04","modified_gmt":"2026-03-06T09:58:04","slug":"energy-case-starlink-mini","status":"publish","type":"product","link":"https:\/\/www.b-w-international.com\/fr\/produkt\/energy-case-starlink-mini\/","title":{"rendered":"energy.case starlink mini | B&amp;W valise d&rsquo;\u00e9nergie pour le Starlink Mini"},"content":{"rendered":"<div>\n<ul>\n<li>offre une protection optimale ainsi qu&rsquo;une alimentation pour le Starlink Mini<\/li>\n<li>alimentation fiable gr\u00e2ce \u00e0 un syst\u00e8me de batterie int\u00e9gr\u00e9 &#8211; m\u00eame dans des conditions extr\u00eames<\/li>\n<li>le B&amp;W starlink.case prot\u00e8ge votre syst\u00e8me Starlink-Mini en toute s\u00e9curit\u00e9 : le bo\u00eetier est en mat\u00e9riau difficilement inflammable selon UL 94 V0<\/li>\n<li>alimentation directe en \u00e9nergie par PV pour un fonctionnement continu<\/li>\n<li>\u00c9tanch\u00e9it\u00e9 \u00e0 l&rsquo;eau IP54 (en position ferm\u00e9e)<\/li>\n<li>Possibilit\u00e9s de charge : voiture 12V, chargeur 230V ou panneau solaire disponible en option<\/li>\n<li>Indication de la capacit\u00e9 de la batterie via l&rsquo;\u00e9clairage annulaire de l&rsquo;interrupteur<\/li>\n<li>Passage de c\u00e2ble \u00e9tanche aux projections pour l&rsquo;antenne et le solaire<\/li>\n<li>Possibilit\u00e9 d&rsquo;alimentation solaire &#8211; panneau solaire pliable disponible en option<\/li>\n<\/ul>\n<p><strong>L&rsquo;appareil Starlink n&rsquo;est pas inclus.<\/strong><\/p>\n<\/div>\n<div style=\"display:flex; gap:10px;justify-content:center\" class=\"wps-pgfw-pdf-generate-icon__wrapper-frontend\">\n\t\t<a  href=\"https:\/\/www.b-w-international.com\/fr\/wp-json\/wp\/v2\/product\/23014\/?action=genpdf&amp;id=23014\" class=\"pgfw-single-pdf-download-button\" target=_blank><img src=\"https:\/\/www.b-w-international.com\/wp-content\/uploads\/2025\/03\/icon-download.svg\" title=\"G\u00e9n\u00e9rer un PDF\" style=\"width:auto; height:45px;\"><\/a>\n\t\t<\/div>","protected":false},"excerpt":{"rendered":"<p>offre une protection optimale ainsi qu&rsquo;une alimentation pour le Starlink Mini alimentation fiable gr\u00e2ce \u00e0 un syst\u00e8me de batterie int\u00e9gr\u00e9 &#8211; m\u00eame dans des conditions extr\u00eames le B&amp;W starlink.case prot\u00e8ge votre syst\u00e8me Starlink-Mini en toute s\u00e9curit\u00e9 : le bo\u00eetier est en mat\u00e9riau difficilement inflammable selon UL 94 V0 alimentation directe en \u00e9nergie par PV pour [&hellip;]<\/p>\n","protected":false},"featured_media":23019,"template":"","meta":{"_acf_changed":false},"product_brand":[],"product_cat":[199],"product_tag":[],"class_list":{"0":"post-23014","1":"product","2":"type-product","3":"status-publish","4":"has-post-thumbnail","6":"product_features-2-oeillets-pour-cadenas","7":"product_features-empilable","8":"product_features-extremement-robuste","9":"product_features-garantie-de-2-ans","10":"product_features-poignee-de-transport-caoutchoutee","11":"product_features-resistant-a-la-temperature","12":"product_cat-mallette-starlink","13":"pa_farbe-bronze-vert","14":"pa_farbe-gris","15":"pa_farbe-noir","17":"first","18":"instock","19":"product-type-variable"},"acf":[],"yoast_head":"<title>energy.case starlink mini | B&amp;W valise d&#039;\u00e9nergie pour le Starlink Mini - B&amp;W International<\/title>\n<meta name=\"description\" content=\"B&amp;W Energy Case pour Starlink \u2713Robuste \u2713Etanche \u00e0 l&#039;eau \u2713Etanche \u00e0 la poussi\u00e8re \u2713Avec roulettes de transport \u2794 Demandez conseil maintenant !\" \/>\n<meta name=\"robots\" content=\"index, follow, max-snippet:-1, max-image-preview:large, max-video-preview:-1\" \/>\n<link rel=\"canonical\" href=\"https:\/\/www.b-w-international.com\/fr\/produkt\/energy-case-starlink-mini\/\" \/>\n<meta property=\"og:locale\" content=\"fr_FR\" \/>\n<meta property=\"og:type\" content=\"article\" \/>\n<meta property=\"og:title\" content=\"energy.case starlink mini | B&amp;W valise d&#039;\u00e9nergie pour le Starlink Mini - B&amp;W International\" \/>\n<meta property=\"og:description\" content=\"B&amp;W Energy Case pour Starlink \u2713Robuste \u2713Etanche \u00e0 l&#039;eau \u2713Etanche \u00e0 la poussi\u00e8re \u2713Avec roulettes de transport \u2794 Demandez conseil maintenant !\" \/>\n<meta property=\"og:url\" content=\"https:\/\/www.b-w-international.com\/fr\/produkt\/energy-case-starlink-mini\/\" \/>\n<meta property=\"og:site_name\" content=\"B&amp;W International\" \/>\n<meta property=\"article:modified_time\" content=\"2026-03-06T09:58:04+00:00\" \/>\n<meta property=\"og:image\" content=\"https:\/\/www.b-w-international.com\/wp-content\/uploads\/2025\/12\/EC_starlink-mini_G_open-antenna-2-bw-international.jpg\" \/>\n\t<meta property=\"og:image:width\" content=\"1920\" \/>\n\t<meta property=\"og:image:height\" content=\"1920\" \/>\n\t<meta property=\"og:image:type\" content=\"image\/jpeg\" \/>\n<meta name=\"twitter:card\" content=\"summary_large_image\" \/>\n<meta name=\"twitter:label1\" content=\"Dur\u00e9e de lecture estim\u00e9e\" \/>\n\t<meta name=\"twitter:data1\" content=\"1 minute\" \/>\n<script type=\"application\/ld+json\" class=\"yoast-schema-graph\">{\"@context\":\"https:\/\/schema.org\",\"@graph\":[{\"@type\":\"WebPage\",\"@id\":\"https:\/\/www.b-w-international.com\/fr\/produkt\/energy-case-starlink-mini\/\",\"url\":\"https:\/\/www.b-w-international.com\/fr\/produkt\/energy-case-starlink-mini\/\",\"name\":\"energy.case starlink mini | B&amp;W valise d'\u00e9nergie pour le Starlink Mini - B&amp;W International\",\"isPartOf\":{\"@id\":\"https:\/\/www.b-w-international.com\/fr\/#website\"},\"primaryImageOfPage\":{\"@id\":\"https:\/\/www.b-w-international.com\/fr\/produkt\/energy-case-starlink-mini\/#primaryimage\"},\"image\":{\"@id\":\"https:\/\/www.b-w-international.com\/fr\/produkt\/energy-case-starlink-mini\/#primaryimage\"},\"thumbnailUrl\":\"https:\/\/www.b-w-international.com\/wp-content\/uploads\/2025\/12\/EC_starlink-mini_G_open-antenna-2-bw-international.jpg\",\"datePublished\":\"2025-12-22T10:27:45+00:00\",\"dateModified\":\"2026-03-06T09:58:04+00:00\",\"description\":\"B&W Energy Case pour Starlink \u2713Robuste \u2713Etanche \u00e0 l'eau \u2713Etanche \u00e0 la poussi\u00e8re \u2713Avec roulettes de transport \u2794 Demandez conseil maintenant !\",\"breadcrumb\":{\"@id\":\"https:\/\/www.b-w-international.com\/fr\/produkt\/energy-case-starlink-mini\/#breadcrumb\"},\"inLanguage\":\"fr-FR\",\"potentialAction\":[{\"@type\":\"ReadAction\",\"target\":[\"https:\/\/www.b-w-international.com\/fr\/produkt\/energy-case-starlink-mini\/\"]}]},{\"@type\":\"ImageObject\",\"inLanguage\":\"fr-FR\",\"@id\":\"https:\/\/www.b-w-international.com\/fr\/produkt\/energy-case-starlink-mini\/#primaryimage\",\"url\":\"https:\/\/www.b-w-international.com\/wp-content\/uploads\/2025\/12\/EC_starlink-mini_G_open-antenna-2-bw-international.jpg\",\"contentUrl\":\"https:\/\/www.b-w-international.com\/wp-content\/uploads\/2025\/12\/EC_starlink-mini_G_open-antenna-2-bw-international.jpg\",\"width\":1920,\"height\":1920,\"caption\":\"La valise energy.case PRO500 starlink mini abrite en toute s\u00e9curit\u00e9 du mat\u00e9riel \u00e9lectronique avec des inserts en mousse, reli\u00e9s par un c\u00e2ble \u00e0 un panneau Starlink Mini blanc plat et carr\u00e9 plac\u00e9 \u00e0 l'ext\u00e9rieur de la valise.\"},{\"@type\":\"BreadcrumbList\",\"@id\":\"https:\/\/www.b-w-international.com\/fr\/produkt\/energy-case-starlink-mini\/#breadcrumb\",\"itemListElement\":[{\"@type\":\"ListItem\",\"position\":1,\"name\":\"Home\",\"item\":\"https:\/\/www.b-w-international.com\/fr\/\"},{\"@type\":\"ListItem\",\"position\":2,\"name\":\"Produits\",\"item\":\"https:\/\/www.b-w-international.com\/fr\/boutique\/\"},{\"@type\":\"ListItem\",\"position\":3,\"name\":\"Mallette Starlink\",\"item\":\"https:\/\/www.b-w-international.com\/fr\/produkte\/mallette-starlink\/\"},{\"@type\":\"ListItem\",\"position\":4,\"name\":\"energy.case starlink mini | B&amp;W valise d&#8217;\u00e9nergie pour le Starlink Mini\"}]},{\"@type\":\"WebSite\",\"@id\":\"https:\/\/www.b-w-international.com\/fr\/#website\",\"url\":\"https:\/\/www.b-w-international.com\/fr\/\",\"name\":\"B&W International\",\"description\":\"\",\"publisher\":{\"@id\":\"https:\/\/www.b-w-international.com\/fr\/#organization\"},\"potentialAction\":[{\"@type\":\"SearchAction\",\"target\":{\"@type\":\"EntryPoint\",\"urlTemplate\":\"https:\/\/www.b-w-international.com\/fr\/?s={search_term_string}\"},\"query-input\":{\"@type\":\"PropertyValueSpecification\",\"valueRequired\":true,\"valueName\":\"search_term_string\"}}],\"inLanguage\":\"fr-FR\"},{\"@type\":\"Organization\",\"@id\":\"https:\/\/www.b-w-international.com\/fr\/#organization\",\"name\":\"B&W International\",\"url\":\"https:\/\/www.b-w-international.com\/fr\/\",\"logo\":{\"@type\":\"ImageObject\",\"inLanguage\":\"fr-FR\",\"@id\":\"https:\/\/www.b-w-international.com\/fr\/#\/schema\/logo\/image\/\",\"url\":\"https:\/\/www.b-w-international.com\/wp-content\/uploads\/2024\/12\/16dbfc312f1eb060e7d95735c00f9ec6.png\",\"contentUrl\":\"https:\/\/www.b-w-international.com\/wp-content\/uploads\/2024\/12\/16dbfc312f1eb060e7d95735c00f9ec6.png\",\"width\":219,\"height\":82,\"caption\":\"B&W International\"},\"image\":{\"@id\":\"https:\/\/www.b-w-international.com\/fr\/#\/schema\/logo\/image\/\"}}]}<\/script>","yoast_head_json":{"title":"energy.case starlink mini | B&amp;W valise d'\u00e9nergie pour le Starlink Mini - B&amp;W International","description":"B&W Energy Case pour Starlink \u2713Robuste \u2713Etanche \u00e0 l'eau \u2713Etanche \u00e0 la poussi\u00e8re \u2713Avec roulettes de transport \u2794 Demandez conseil maintenant !","robots":{"index":"index","follow":"follow","max-snippet":"max-snippet:-1","max-image-preview":"max-image-preview:large","max-video-preview":"max-video-preview:-1"},"canonical":"https:\/\/www.b-w-international.com\/fr\/produkt\/energy-case-starlink-mini\/","og_locale":"fr_FR","og_type":"article","og_title":"energy.case starlink mini | B&amp;W valise d'\u00e9nergie pour le Starlink Mini - B&amp;W International","og_description":"B&W Energy Case pour Starlink \u2713Robuste \u2713Etanche \u00e0 l'eau \u2713Etanche \u00e0 la poussi\u00e8re \u2713Avec roulettes de transport \u2794 Demandez conseil maintenant !","og_url":"https:\/\/www.b-w-international.com\/fr\/produkt\/energy-case-starlink-mini\/","og_site_name":"B&amp;W International","article_modified_time":"2026-03-06T09:58:04+00:00","og_image":[{"width":1920,"height":1920,"url":"https:\/\/www.b-w-international.com\/wp-content\/uploads\/2025\/12\/EC_starlink-mini_G_open-antenna-2-bw-international.jpg","type":"image\/jpeg"}],"twitter_card":"summary_large_image","twitter_misc":{"Dur\u00e9e de lecture estim\u00e9e":"1 minute"},"schema":{"@context":"https:\/\/schema.org","@graph":[{"@type":"WebPage","@id":"https:\/\/www.b-w-international.com\/fr\/produkt\/energy-case-starlink-mini\/","url":"https:\/\/www.b-w-international.com\/fr\/produkt\/energy-case-starlink-mini\/","name":"energy.case starlink mini | B&amp;W valise d'\u00e9nergie pour le Starlink Mini - B&amp;W International","isPartOf":{"@id":"https:\/\/www.b-w-international.com\/fr\/#website"},"primaryImageOfPage":{"@id":"https:\/\/www.b-w-international.com\/fr\/produkt\/energy-case-starlink-mini\/#primaryimage"},"image":{"@id":"https:\/\/www.b-w-international.com\/fr\/produkt\/energy-case-starlink-mini\/#primaryimage"},"thumbnailUrl":"https:\/\/www.b-w-international.com\/wp-content\/uploads\/2025\/12\/EC_starlink-mini_G_open-antenna-2-bw-international.jpg","datePublished":"2025-12-22T10:27:45+00:00","dateModified":"2026-03-06T09:58:04+00:00","description":"B&W Energy Case pour Starlink \u2713Robuste \u2713Etanche \u00e0 l'eau \u2713Etanche \u00e0 la poussi\u00e8re \u2713Avec roulettes de transport \u2794 Demandez conseil maintenant !","breadcrumb":{"@id":"https:\/\/www.b-w-international.com\/fr\/produkt\/energy-case-starlink-mini\/#breadcrumb"},"inLanguage":"fr-FR","potentialAction":[{"@type":"ReadAction","target":["https:\/\/www.b-w-international.com\/fr\/produkt\/energy-case-starlink-mini\/"]}]},{"@type":"ImageObject","inLanguage":"fr-FR","@id":"https:\/\/www.b-w-international.com\/fr\/produkt\/energy-case-starlink-mini\/#primaryimage","url":"https:\/\/www.b-w-international.com\/wp-content\/uploads\/2025\/12\/EC_starlink-mini_G_open-antenna-2-bw-international.jpg","contentUrl":"https:\/\/www.b-w-international.com\/wp-content\/uploads\/2025\/12\/EC_starlink-mini_G_open-antenna-2-bw-international.jpg","width":1920,"height":1920,"caption":"La valise energy.case PRO500 starlink mini abrite en toute s\u00e9curit\u00e9 du mat\u00e9riel \u00e9lectronique avec des inserts en mousse, reli\u00e9s par un c\u00e2ble \u00e0 un panneau Starlink Mini blanc plat et carr\u00e9 plac\u00e9 \u00e0 l'ext\u00e9rieur de la valise."},{"@type":"BreadcrumbList","@id":"https:\/\/www.b-w-international.com\/fr\/produkt\/energy-case-starlink-mini\/#breadcrumb","itemListElement":[{"@type":"ListItem","position":1,"name":"Home","item":"https:\/\/www.b-w-international.com\/fr\/"},{"@type":"ListItem","position":2,"name":"Produits","item":"https:\/\/www.b-w-international.com\/fr\/boutique\/"},{"@type":"ListItem","position":3,"name":"Mallette Starlink","item":"https:\/\/www.b-w-international.com\/fr\/produkte\/mallette-starlink\/"},{"@type":"ListItem","position":4,"name":"energy.case starlink mini | B&amp;W valise d&#8217;\u00e9nergie pour le Starlink Mini"}]},{"@type":"WebSite","@id":"https:\/\/www.b-w-international.com\/fr\/#website","url":"https:\/\/www.b-w-international.com\/fr\/","name":"B&W International","description":"","publisher":{"@id":"https:\/\/www.b-w-international.com\/fr\/#organization"},"potentialAction":[{"@type":"SearchAction","target":{"@type":"EntryPoint","urlTemplate":"https:\/\/www.b-w-international.com\/fr\/?s={search_term_string}"},"query-input":{"@type":"PropertyValueSpecification","valueRequired":true,"valueName":"search_term_string"}}],"inLanguage":"fr-FR"},{"@type":"Organization","@id":"https:\/\/www.b-w-international.com\/fr\/#organization","name":"B&W International","url":"https:\/\/www.b-w-international.com\/fr\/","logo":{"@type":"ImageObject","inLanguage":"fr-FR","@id":"https:\/\/www.b-w-international.com\/fr\/#\/schema\/logo\/image\/","url":"https:\/\/www.b-w-international.com\/wp-content\/uploads\/2024\/12\/16dbfc312f1eb060e7d95735c00f9ec6.png","contentUrl":"https:\/\/www.b-w-international.com\/wp-content\/uploads\/2024\/12\/16dbfc312f1eb060e7d95735c00f9ec6.png","width":219,"height":82,"caption":"B&W International"},"image":{"@id":"https:\/\/www.b-w-international.com\/fr\/#\/schema\/logo\/image\/"}}]}},"_links":{"self":[{"href":"https:\/\/www.b-w-international.com\/fr\/wp-json\/wp\/v2\/product\/23014","targetHints":{"allow":["GET"]}}],"collection":[{"href":"https:\/\/www.b-w-international.com\/fr\/wp-json\/wp\/v2\/product"}],"about":[{"href":"https:\/\/www.b-w-international.com\/fr\/wp-json\/wp\/v2\/types\/product"}],"wp:featuredmedia":[{"embeddable":true,"href":"https:\/\/www.b-w-international.com\/fr\/wp-json\/wp\/v2\/media\/23019"}],"wp:attachment":[{"href":"https:\/\/www.b-w-international.com\/fr\/wp-json\/wp\/v2\/media?parent=23014"}],"wp:term":[{"taxonomy":"product_brand","embeddable":true,"href":"https:\/\/www.b-w-international.com\/fr\/wp-json\/wp\/v2\/product_brand?post=23014"},{"taxonomy":"product_cat","embeddable":true,"href":"https:\/\/www.b-w-international.com\/fr\/wp-json\/wp\/v2\/product_cat?post=23014"},{"taxonomy":"product_tag","embeddable":true,"href":"https:\/\/www.b-w-international.com\/fr\/wp-json\/wp\/v2\/product_tag?post=23014"}],"curies":[{"name":"wp","href":"https:\/\/api.w.org\/{rel}","templated":true}]}}