{"id":23151,"date":"2026-01-08T09:26:53","date_gmt":"2026-01-08T08:26:53","guid":{"rendered":"https:\/\/www.b-w-international.com\/?post_type=product&#038;p=23151"},"modified":"2026-01-16T10:11:38","modified_gmt":"2026-01-16T09:11:38","slug":"action-case-pp-41-osmo-action-6","status":"publish","type":"product","link":"https:\/\/www.b-w-international.com\/fr\/produkt\/action-case-pp-41-osmo-action-6\/","title":{"rendered":"action.case PP.41.Osmo Action 6 | B&amp;W valise multi-usages type 1000 DJI Osmo Acion 6"},"content":{"rendered":"<ul>\n<li>Mallette extr\u00eamement solide : bo\u00eetier en polypropyl\u00e8ne (PP)<\/li>\n<li>test\u00e9 selon les normes militaires<\/li>\n<li>Apte au vol : valve automatique de compensation de pression<\/li>\n<li>stable, \u00e9tanche \u00e0 la poussi\u00e8re et \u00e0 l&rsquo;eau selon IP67<\/li>\n<li>stabilit\u00e9 thermique de -30\u00b0 C \u00e0 +80\u00b0 C<\/li>\n<li>Badge<\/li>\n<li>empilable<\/li>\n<li>deux \u0153illets pour cadenas (\u00d8 4,5 mm)<\/li>\n<li>poign\u00e9e caoutchout\u00e9e<\/li>\n<li>deux serrures \u00e0 ressort pour une protection maximale<\/li>\n<\/ul>\n<p><strong>Le contenu de la valise pr\u00e9sent\u00e9 n&rsquo;est pas inclus.<\/strong><\/p>\n<div style=\"display:flex; gap:10px;justify-content:center\" class=\"wps-pgfw-pdf-generate-icon__wrapper-frontend\">\n\t\t<a  href=\"https:\/\/www.b-w-international.com\/fr\/wp-json\/wp\/v2\/product\/23151\/?action=genpdf&amp;id=23151\" class=\"pgfw-single-pdf-download-button\" target=_blank><img src=\"https:\/\/www.b-w-international.com\/wp-content\/uploads\/2025\/03\/icon-download.svg\" title=\"G\u00e9n\u00e9rer un PDF\" style=\"width:auto; height:45px;\"><\/a>\n\t\t<\/div>","protected":false},"excerpt":{"rendered":"<p>Mallette extr\u00eamement solide : bo\u00eetier en polypropyl\u00e8ne (PP) test\u00e9 selon les normes militaires Apte au vol : valve automatique de compensation de pression stable, \u00e9tanche \u00e0 la poussi\u00e8re et \u00e0 l&rsquo;eau selon IP67 stabilit\u00e9 thermique de -30\u00b0 C \u00e0 +80\u00b0 C Badge empilable deux \u0153illets pour cadenas (\u00d8 4,5 mm) poign\u00e9e caoutchout\u00e9e deux serrures \u00e0 [&hellip;]<\/p>\n","protected":false},"featured_media":23214,"template":"","meta":{"_acf_changed":false},"product_brand":[],"product_cat":[423,68],"product_tag":[],"class_list":{"0":"post-23151","1":"product","2":"type-product","3":"status-publish","4":"has-post-thumbnail","6":"product_features-2-oeillets-pour-cadenas","7":"product_features-aptitude-au-vol","8":"product_features-empilable","9":"product_features-etanche-a-leau-etanche-a-la-poussiere-etanche-a-lair","10":"product_features-extremement-robuste","11":"product_features-garantie-de-2-ans","12":"product_features-poignee-de-transport-caoutchoutee","13":"product_cat-camera-daction","14":"product_cat-valises-pour-drones-et-appareils-photo","15":"pa_farbe-bronze-vert","16":"pa_farbe-jaune","17":"pa_farbe-noir","18":"pa_farbe-orange-fr","20":"first","21":"instock","22":"product-type-variable"},"acf":[],"yoast_head":"<title>action.case PP.41.Osmo Action 6 | B&amp;W valise multi-usages type 1000 DJI Osmo Acion 6 - B&amp;W International<\/title>\n<meta name=\"robots\" content=\"index, follow, max-snippet:-1, max-image-preview:large, max-video-preview:-1\" \/>\n<link rel=\"canonical\" href=\"https:\/\/www.b-w-international.com\/fr\/produkt\/action-case-pp-41-osmo-action-6\/\" \/>\n<meta property=\"og:locale\" content=\"fr_FR\" \/>\n<meta property=\"og:type\" content=\"article\" \/>\n<meta property=\"og:title\" content=\"action.case PP.41.Osmo Action 6 | B&amp;W valise multi-usages type 1000 DJI Osmo Acion 6 - B&amp;W International\" \/>\n<meta property=\"og:description\" content=\"Mallette extr\u00eamement solide : bo\u00eetier en polypropyl\u00e8ne (PP) test\u00e9 selon les normes militaires Apte au vol : valve automatique de compensation de pression stable, \u00e9tanche \u00e0 la poussi\u00e8re et \u00e0 l&rsquo;eau selon IP67 stabilit\u00e9 thermique de -30\u00b0 C \u00e0 +80\u00b0 C Badge empilable deux \u0153illets pour cadenas (\u00d8 4,5 mm) poign\u00e9e caoutchout\u00e9e deux serrures \u00e0 [&hellip;]\" \/>\n<meta property=\"og:url\" content=\"https:\/\/www.b-w-international.com\/fr\/produkt\/action-case-pp-41-osmo-action-6\/\" \/>\n<meta property=\"og:site_name\" content=\"B&amp;W International\" \/>\n<meta property=\"article:modified_time\" content=\"2026-01-16T09:11:38+00:00\" \/>\n<meta property=\"og:image\" content=\"https:\/\/www.b-w-international.com\/wp-content\/uploads\/2026\/01\/1000_PP-41_O_open-inlay-side-empty_dji-osmo-action-6_bw-international.jpg\" \/>\n\t<meta property=\"og:image:width\" content=\"1920\" \/>\n\t<meta property=\"og:image:height\" content=\"1920\" \/>\n\t<meta property=\"og:image:type\" content=\"image\/jpeg\" \/>\n<meta name=\"twitter:card\" content=\"summary_large_image\" \/>\n<meta name=\"twitter:label1\" content=\"Dur\u00e9e de lecture estim\u00e9e\" \/>\n\t<meta name=\"twitter:data1\" content=\"1 minute\" \/>\n<script type=\"application\/ld+json\" class=\"yoast-schema-graph\">{\"@context\":\"https:\/\/schema.org\",\"@graph\":[{\"@type\":\"WebPage\",\"@id\":\"https:\/\/www.b-w-international.com\/fr\/produkt\/action-case-pp-41-osmo-action-6\/\",\"url\":\"https:\/\/www.b-w-international.com\/fr\/produkt\/action-case-pp-41-osmo-action-6\/\",\"name\":\"action.case PP.41.Osmo Action 6 | B&amp;W valise multi-usages type 1000 DJI Osmo Acion 6 - B&amp;W International\",\"isPartOf\":{\"@id\":\"https:\/\/www.b-w-international.com\/fr\/#website\"},\"primaryImageOfPage\":{\"@id\":\"https:\/\/www.b-w-international.com\/fr\/produkt\/action-case-pp-41-osmo-action-6\/#primaryimage\"},\"image\":{\"@id\":\"https:\/\/www.b-w-international.com\/fr\/produkt\/action-case-pp-41-osmo-action-6\/#primaryimage\"},\"thumbnailUrl\":\"https:\/\/www.b-w-international.com\/wp-content\/uploads\/2026\/01\/1000_PP-41_O_open-inlay-side-empty_dji-osmo-action-6_bw-international.jpg\",\"datePublished\":\"2026-01-08T08:26:53+00:00\",\"dateModified\":\"2026-01-16T09:11:38+00:00\",\"breadcrumb\":{\"@id\":\"https:\/\/www.b-w-international.com\/fr\/produkt\/action-case-pp-41-osmo-action-6\/#breadcrumb\"},\"inLanguage\":\"fr-FR\",\"potentialAction\":[{\"@type\":\"ReadAction\",\"target\":[\"https:\/\/www.b-w-international.com\/fr\/produkt\/action-case-pp-41-osmo-action-6\/\"]}]},{\"@type\":\"ImageObject\",\"inLanguage\":\"fr-FR\",\"@id\":\"https:\/\/www.b-w-international.com\/fr\/produkt\/action-case-pp-41-osmo-action-6\/#primaryimage\",\"url\":\"https:\/\/www.b-w-international.com\/wp-content\/uploads\/2026\/01\/1000_PP-41_O_open-inlay-side-empty_dji-osmo-action-6_bw-international.jpg\",\"contentUrl\":\"https:\/\/www.b-w-international.com\/wp-content\/uploads\/2026\/01\/1000_PP-41_O_open-inlay-side-empty_dji-osmo-action-6_bw-international.jpg\",\"width\":1920,\"height\":1920,\"caption\":\"Une valise action.orange B&W PP.41.Osmo Action 6 hard case (type 1000) avec des inserts en mousse bleu et noir personnalis\u00e9s, des compartiments sp\u00e9cialis\u00e9s et un rembourrage en forme de caisse \u00e0 \u0153ufs dans le couvercle pour la DJI Osmo Action 6.\"},{\"@type\":\"BreadcrumbList\",\"@id\":\"https:\/\/www.b-w-international.com\/fr\/produkt\/action-case-pp-41-osmo-action-6\/#breadcrumb\",\"itemListElement\":[{\"@type\":\"ListItem\",\"position\":1,\"name\":\"Home\",\"item\":\"https:\/\/www.b-w-international.com\/fr\/\"},{\"@type\":\"ListItem\",\"position\":2,\"name\":\"Produits\",\"item\":\"https:\/\/www.b-w-international.com\/fr\/boutique\/\"},{\"@type\":\"ListItem\",\"position\":3,\"name\":\"Valises pour drones et appareils photo\",\"item\":\"https:\/\/www.b-w-international.com\/fr\/produkte\/valises-pour-drones-et-appareils-photo\/\"},{\"@type\":\"ListItem\",\"position\":4,\"name\":\"action.case PP.41.Osmo Action 6 | B&amp;W valise multi-usages type 1000 DJI Osmo Acion 6\"}]},{\"@type\":\"WebSite\",\"@id\":\"https:\/\/www.b-w-international.com\/fr\/#website\",\"url\":\"https:\/\/www.b-w-international.com\/fr\/\",\"name\":\"B&W International\",\"description\":\"\",\"publisher\":{\"@id\":\"https:\/\/www.b-w-international.com\/fr\/#organization\"},\"potentialAction\":[{\"@type\":\"SearchAction\",\"target\":{\"@type\":\"EntryPoint\",\"urlTemplate\":\"https:\/\/www.b-w-international.com\/fr\/?s={search_term_string}\"},\"query-input\":{\"@type\":\"PropertyValueSpecification\",\"valueRequired\":true,\"valueName\":\"search_term_string\"}}],\"inLanguage\":\"fr-FR\"},{\"@type\":\"Organization\",\"@id\":\"https:\/\/www.b-w-international.com\/fr\/#organization\",\"name\":\"B&W International\",\"url\":\"https:\/\/www.b-w-international.com\/fr\/\",\"logo\":{\"@type\":\"ImageObject\",\"inLanguage\":\"fr-FR\",\"@id\":\"https:\/\/www.b-w-international.com\/fr\/#\/schema\/logo\/image\/\",\"url\":\"https:\/\/www.b-w-international.com\/wp-content\/uploads\/2024\/12\/16dbfc312f1eb060e7d95735c00f9ec6.png\",\"contentUrl\":\"https:\/\/www.b-w-international.com\/wp-content\/uploads\/2024\/12\/16dbfc312f1eb060e7d95735c00f9ec6.png\",\"width\":219,\"height\":82,\"caption\":\"B&W International\"},\"image\":{\"@id\":\"https:\/\/www.b-w-international.com\/fr\/#\/schema\/logo\/image\/\"}}]}<\/script>","yoast_head_json":{"title":"action.case PP.41.Osmo Action 6 | B&amp;W valise multi-usages type 1000 DJI Osmo Acion 6 - B&amp;W International","robots":{"index":"index","follow":"follow","max-snippet":"max-snippet:-1","max-image-preview":"max-image-preview:large","max-video-preview":"max-video-preview:-1"},"canonical":"https:\/\/www.b-w-international.com\/fr\/produkt\/action-case-pp-41-osmo-action-6\/","og_locale":"fr_FR","og_type":"article","og_title":"action.case PP.41.Osmo Action 6 | B&amp;W valise multi-usages type 1000 DJI Osmo Acion 6 - B&amp;W International","og_description":"Mallette extr\u00eamement solide : bo\u00eetier en polypropyl\u00e8ne (PP) test\u00e9 selon les normes militaires Apte au vol : valve automatique de compensation de pression stable, \u00e9tanche \u00e0 la poussi\u00e8re et \u00e0 l&rsquo;eau selon IP67 stabilit\u00e9 thermique de -30\u00b0 C \u00e0 +80\u00b0 C Badge empilable deux \u0153illets pour cadenas (\u00d8 4,5 mm) poign\u00e9e caoutchout\u00e9e deux serrures \u00e0 [&hellip;]","og_url":"https:\/\/www.b-w-international.com\/fr\/produkt\/action-case-pp-41-osmo-action-6\/","og_site_name":"B&amp;W International","article_modified_time":"2026-01-16T09:11:38+00:00","og_image":[{"width":1920,"height":1920,"url":"https:\/\/www.b-w-international.com\/wp-content\/uploads\/2026\/01\/1000_PP-41_O_open-inlay-side-empty_dji-osmo-action-6_bw-international.jpg","type":"image\/jpeg"}],"twitter_card":"summary_large_image","twitter_misc":{"Dur\u00e9e de lecture estim\u00e9e":"1 minute"},"schema":{"@context":"https:\/\/schema.org","@graph":[{"@type":"WebPage","@id":"https:\/\/www.b-w-international.com\/fr\/produkt\/action-case-pp-41-osmo-action-6\/","url":"https:\/\/www.b-w-international.com\/fr\/produkt\/action-case-pp-41-osmo-action-6\/","name":"action.case PP.41.Osmo Action 6 | B&amp;W valise multi-usages type 1000 DJI Osmo Acion 6 - B&amp;W International","isPartOf":{"@id":"https:\/\/www.b-w-international.com\/fr\/#website"},"primaryImageOfPage":{"@id":"https:\/\/www.b-w-international.com\/fr\/produkt\/action-case-pp-41-osmo-action-6\/#primaryimage"},"image":{"@id":"https:\/\/www.b-w-international.com\/fr\/produkt\/action-case-pp-41-osmo-action-6\/#primaryimage"},"thumbnailUrl":"https:\/\/www.b-w-international.com\/wp-content\/uploads\/2026\/01\/1000_PP-41_O_open-inlay-side-empty_dji-osmo-action-6_bw-international.jpg","datePublished":"2026-01-08T08:26:53+00:00","dateModified":"2026-01-16T09:11:38+00:00","breadcrumb":{"@id":"https:\/\/www.b-w-international.com\/fr\/produkt\/action-case-pp-41-osmo-action-6\/#breadcrumb"},"inLanguage":"fr-FR","potentialAction":[{"@type":"ReadAction","target":["https:\/\/www.b-w-international.com\/fr\/produkt\/action-case-pp-41-osmo-action-6\/"]}]},{"@type":"ImageObject","inLanguage":"fr-FR","@id":"https:\/\/www.b-w-international.com\/fr\/produkt\/action-case-pp-41-osmo-action-6\/#primaryimage","url":"https:\/\/www.b-w-international.com\/wp-content\/uploads\/2026\/01\/1000_PP-41_O_open-inlay-side-empty_dji-osmo-action-6_bw-international.jpg","contentUrl":"https:\/\/www.b-w-international.com\/wp-content\/uploads\/2026\/01\/1000_PP-41_O_open-inlay-side-empty_dji-osmo-action-6_bw-international.jpg","width":1920,"height":1920,"caption":"Une valise action.orange B&W PP.41.Osmo Action 6 hard case (type 1000) avec des inserts en mousse bleu et noir personnalis\u00e9s, des compartiments sp\u00e9cialis\u00e9s et un rembourrage en forme de caisse \u00e0 \u0153ufs dans le couvercle pour la DJI Osmo Action 6."},{"@type":"BreadcrumbList","@id":"https:\/\/www.b-w-international.com\/fr\/produkt\/action-case-pp-41-osmo-action-6\/#breadcrumb","itemListElement":[{"@type":"ListItem","position":1,"name":"Home","item":"https:\/\/www.b-w-international.com\/fr\/"},{"@type":"ListItem","position":2,"name":"Produits","item":"https:\/\/www.b-w-international.com\/fr\/boutique\/"},{"@type":"ListItem","position":3,"name":"Valises pour drones et appareils photo","item":"https:\/\/www.b-w-international.com\/fr\/produkte\/valises-pour-drones-et-appareils-photo\/"},{"@type":"ListItem","position":4,"name":"action.case PP.41.Osmo Action 6 | B&amp;W valise multi-usages type 1000 DJI Osmo Acion 6"}]},{"@type":"WebSite","@id":"https:\/\/www.b-w-international.com\/fr\/#website","url":"https:\/\/www.b-w-international.com\/fr\/","name":"B&W International","description":"","publisher":{"@id":"https:\/\/www.b-w-international.com\/fr\/#organization"},"potentialAction":[{"@type":"SearchAction","target":{"@type":"EntryPoint","urlTemplate":"https:\/\/www.b-w-international.com\/fr\/?s={search_term_string}"},"query-input":{"@type":"PropertyValueSpecification","valueRequired":true,"valueName":"search_term_string"}}],"inLanguage":"fr-FR"},{"@type":"Organization","@id":"https:\/\/www.b-w-international.com\/fr\/#organization","name":"B&W International","url":"https:\/\/www.b-w-international.com\/fr\/","logo":{"@type":"ImageObject","inLanguage":"fr-FR","@id":"https:\/\/www.b-w-international.com\/fr\/#\/schema\/logo\/image\/","url":"https:\/\/www.b-w-international.com\/wp-content\/uploads\/2024\/12\/16dbfc312f1eb060e7d95735c00f9ec6.png","contentUrl":"https:\/\/www.b-w-international.com\/wp-content\/uploads\/2024\/12\/16dbfc312f1eb060e7d95735c00f9ec6.png","width":219,"height":82,"caption":"B&W International"},"image":{"@id":"https:\/\/www.b-w-international.com\/fr\/#\/schema\/logo\/image\/"}}]}},"_links":{"self":[{"href":"https:\/\/www.b-w-international.com\/fr\/wp-json\/wp\/v2\/product\/23151","targetHints":{"allow":["GET"]}}],"collection":[{"href":"https:\/\/www.b-w-international.com\/fr\/wp-json\/wp\/v2\/product"}],"about":[{"href":"https:\/\/www.b-w-international.com\/fr\/wp-json\/wp\/v2\/types\/product"}],"wp:featuredmedia":[{"embeddable":true,"href":"https:\/\/www.b-w-international.com\/fr\/wp-json\/wp\/v2\/media\/23214"}],"wp:attachment":[{"href":"https:\/\/www.b-w-international.com\/fr\/wp-json\/wp\/v2\/media?parent=23151"}],"wp:term":[{"taxonomy":"product_brand","embeddable":true,"href":"https:\/\/www.b-w-international.com\/fr\/wp-json\/wp\/v2\/product_brand?post=23151"},{"taxonomy":"product_cat","embeddable":true,"href":"https:\/\/www.b-w-international.com\/fr\/wp-json\/wp\/v2\/product_cat?post=23151"},{"taxonomy":"product_tag","embeddable":true,"href":"https:\/\/www.b-w-international.com\/fr\/wp-json\/wp\/v2\/product_tag?post=23151"}],"curies":[{"name":"wp","href":"https:\/\/api.w.org\/{rel}","templated":true}]}}