{"id":24370,"date":"2026-01-28T11:11:58","date_gmt":"2026-01-28T10:11:58","guid":{"rendered":"https:\/\/www.b-w-international.com\/?post_type=product&#038;p=24370"},"modified":"2026-01-28T11:47:08","modified_gmt":"2026-01-28T10:47:08","slug":"drone-case-pp-117-antigravity-a1","status":"publish","type":"product","link":"https:\/\/www.b-w-international.com\/fr\/produkt\/drone-case-pp-117-antigravity-a1\/","title":{"rendered":"drone.case PP.117.Antigravity-A1 | Mallette multi-usages B&amp;W Type 3000 Antigravity A1"},"content":{"rendered":"<ul>\n<li>Mallette extr\u00eamement solide : bo\u00eetier en polypropyl\u00e8ne (PP)<\/li>\n<li>test\u00e9 selon les normes militaires<\/li>\n<li>Apte au vol : valve automatique de compensation de pression<\/li>\n<li>stable, \u00e9tanche \u00e0 la poussi\u00e8re et \u00e0 l&rsquo;eau selon IP67<\/li>\n<li>stabilit\u00e9 thermique de -30\u00b0 C \u00e0 +80\u00b0 C<\/li>\n<li>Badge<\/li>\n<li>empilable<\/li>\n<li>deux \u0153illets pour cadenas (\u00d8 7 mm)<\/li>\n<li>poign\u00e9e de transport caoutchout\u00e9e<\/li>\n<li>deux serrures \u00e0 ressort pour une protection maximale<\/li>\n<\/ul>\n<p><strong>Le contenu de la valise pr\u00e9sent\u00e9 n&rsquo;est pas inclus.<\/strong><\/p>\n<div style=\"display:flex; gap:10px;justify-content:center\" class=\"wps-pgfw-pdf-generate-icon__wrapper-frontend\">\n\t\t<a  href=\"https:\/\/www.b-w-international.com\/fr\/wp-json\/wp\/v2\/product\/24370\/?action=genpdf&amp;id=24370\" class=\"pgfw-single-pdf-download-button\" target=_blank><img src=\"https:\/\/www.b-w-international.com\/wp-content\/uploads\/2025\/03\/icon-download.svg\" title=\"G\u00e9n\u00e9rer un PDF\" style=\"width:auto; height:45px;\"><\/a>\n\t\t<\/div>","protected":false},"excerpt":{"rendered":"<p>Mallette extr\u00eamement solide : bo\u00eetier en polypropyl\u00e8ne (PP) test\u00e9 selon les normes militaires Apte au vol : valve automatique de compensation de pression stable, \u00e9tanche \u00e0 la poussi\u00e8re et \u00e0 l&rsquo;eau selon IP67 stabilit\u00e9 thermique de -30\u00b0 C \u00e0 +80\u00b0 C Badge empilable deux \u0153illets pour cadenas (\u00d8 7 mm) poign\u00e9e de transport caoutchout\u00e9e deux [&hellip;]<\/p>\n","protected":false},"featured_media":24433,"template":"","meta":{"_acf_changed":false},"product_brand":[],"product_cat":[424,68],"product_tag":[],"class_list":{"0":"post-24370","1":"product","2":"type-product","3":"status-publish","4":"has-post-thumbnail","6":"product_features-2-oeillets-pour-cadenas","7":"product_features-aptitude-au-vol","8":"product_features-empilable","9":"product_features-etanche-a-leau-etanche-a-la-poussiere-etanche-a-lair","10":"product_features-extremement-robuste","11":"product_features-garantie-de-2-ans","12":"product_features-materiau-resistant","13":"product_features-poignee-de-transport-caoutchoutee","14":"product_features-poignee-ergonomique","15":"product_features-resistant-a-la-temperature","16":"product_cat-drones-fr","17":"product_cat-valises-pour-drones-et-appareils-photo","18":"pa_farbe-bronze-vert","19":"pa_farbe-jaune","20":"pa_farbe-noir","21":"pa_farbe-orange-fr","23":"first","24":"instock","25":"product-type-variable"},"acf":[],"yoast_head":"<title>drone.case PP.117.Antigravity-A1 | Mallette multi-usages B&amp;W Type 3000 Antigravity A1 - B&amp;W International<\/title>\n<meta name=\"description\" content=\"B&amp;W valise pour drone Flip \u2713Etanche \u00e0 l&#039;eau \u2713Etanche \u00e0 la poussi\u00e8re \u2713Extr\u00eamement r\u00e9sistant aux chocs \u2794 A d\u00e9couvrir d\u00e8s maintenant !\" \/>\n<meta name=\"robots\" content=\"index, follow, max-snippet:-1, max-image-preview:large, max-video-preview:-1\" \/>\n<link rel=\"canonical\" href=\"https:\/\/www.b-w-international.com\/fr\/produkt\/drone-case-pp-117-antigravity-a1\/\" \/>\n<meta property=\"og:locale\" content=\"fr_FR\" \/>\n<meta property=\"og:type\" content=\"article\" \/>\n<meta property=\"og:title\" content=\"drone.case PP.117.Antigravity-A1 | Mallette multi-usages B&amp;W Type 3000 Antigravity A1 - B&amp;W International\" \/>\n<meta property=\"og:description\" content=\"B&amp;W valise pour drone Flip \u2713Etanche \u00e0 l&#039;eau \u2713Etanche \u00e0 la poussi\u00e8re \u2713Extr\u00eamement r\u00e9sistant aux chocs \u2794 A d\u00e9couvrir d\u00e8s maintenant !\" \/>\n<meta property=\"og:url\" content=\"https:\/\/www.b-w-international.com\/fr\/produkt\/drone-case-pp-117-antigravity-a1\/\" \/>\n<meta property=\"og:site_name\" content=\"B&amp;W International\" \/>\n<meta property=\"article:modified_time\" content=\"2026-01-28T10:47:08+00:00\" \/>\n<meta property=\"og:image\" content=\"https:\/\/www.b-w-international.com\/wp-content\/uploads\/2026\/01\/3000_PP-117_Y_open-inlay-side-empty_antigravitiy-a1_bw-international.jpg\" \/>\n\t<meta property=\"og:image:width\" content=\"1920\" \/>\n\t<meta property=\"og:image:height\" content=\"1920\" \/>\n\t<meta property=\"og:image:type\" content=\"image\/jpeg\" \/>\n<meta name=\"twitter:card\" content=\"summary_large_image\" \/>\n<meta name=\"twitter:label1\" content=\"Dur\u00e9e de lecture estim\u00e9e\" \/>\n\t<meta name=\"twitter:data1\" content=\"1 minute\" \/>\n<script type=\"application\/ld+json\" class=\"yoast-schema-graph\">{\"@context\":\"https:\/\/schema.org\",\"@graph\":[{\"@type\":\"WebPage\",\"@id\":\"https:\/\/www.b-w-international.com\/fr\/produkt\/drone-case-pp-117-antigravity-a1\/\",\"url\":\"https:\/\/www.b-w-international.com\/fr\/produkt\/drone-case-pp-117-antigravity-a1\/\",\"name\":\"drone.case PP.117.Antigravity-A1 | Mallette multi-usages B&amp;W Type 3000 Antigravity A1 - B&amp;W International\",\"isPartOf\":{\"@id\":\"https:\/\/www.b-w-international.com\/fr\/#website\"},\"primaryImageOfPage\":{\"@id\":\"https:\/\/www.b-w-international.com\/fr\/produkt\/drone-case-pp-117-antigravity-a1\/#primaryimage\"},\"image\":{\"@id\":\"https:\/\/www.b-w-international.com\/fr\/produkt\/drone-case-pp-117-antigravity-a1\/#primaryimage\"},\"thumbnailUrl\":\"https:\/\/www.b-w-international.com\/wp-content\/uploads\/2026\/01\/3000_PP-117_Y_open-inlay-side-empty_antigravitiy-a1_bw-international.jpg\",\"datePublished\":\"2026-01-28T10:11:58+00:00\",\"dateModified\":\"2026-01-28T10:47:08+00:00\",\"description\":\"B&W valise pour drone Flip \u2713Etanche \u00e0 l'eau \u2713Etanche \u00e0 la poussi\u00e8re \u2713Extr\u00eamement r\u00e9sistant aux chocs \u2794 A d\u00e9couvrir d\u00e8s maintenant !\",\"breadcrumb\":{\"@id\":\"https:\/\/www.b-w-international.com\/fr\/produkt\/drone-case-pp-117-antigravity-a1\/#breadcrumb\"},\"inLanguage\":\"fr-FR\",\"potentialAction\":[{\"@type\":\"ReadAction\",\"target\":[\"https:\/\/www.b-w-international.com\/fr\/produkt\/drone-case-pp-117-antigravity-a1\/\"]}]},{\"@type\":\"ImageObject\",\"inLanguage\":\"fr-FR\",\"@id\":\"https:\/\/www.b-w-international.com\/fr\/produkt\/drone-case-pp-117-antigravity-a1\/#primaryimage\",\"url\":\"https:\/\/www.b-w-international.com\/wp-content\/uploads\/2026\/01\/3000_PP-117_Y_open-inlay-side-empty_antigravitiy-a1_bw-international.jpg\",\"contentUrl\":\"https:\/\/www.b-w-international.com\/wp-content\/uploads\/2026\/01\/3000_PP-117_Y_open-inlay-side-empty_antigravitiy-a1_bw-international.jpg\",\"width\":1920,\"height\":1920,\"caption\":\"Une valise jaune pour drone B&W PP.117.Antigravity-A1 (Type 3000) avec un rembourrage en mousse et des inserts bleus personnalis\u00e9s, montr\u00e9e ouverte avec des compartiments pour un rangement s\u00e9curis\u00e9 des objets.\"},{\"@type\":\"BreadcrumbList\",\"@id\":\"https:\/\/www.b-w-international.com\/fr\/produkt\/drone-case-pp-117-antigravity-a1\/#breadcrumb\",\"itemListElement\":[{\"@type\":\"ListItem\",\"position\":1,\"name\":\"Home\",\"item\":\"https:\/\/www.b-w-international.com\/fr\/\"},{\"@type\":\"ListItem\",\"position\":2,\"name\":\"Produits\",\"item\":\"https:\/\/www.b-w-international.com\/fr\/boutique\/\"},{\"@type\":\"ListItem\",\"position\":3,\"name\":\"Valises pour drones et appareils photo\",\"item\":\"https:\/\/www.b-w-international.com\/fr\/produkte\/valises-pour-drones-et-appareils-photo\/\"},{\"@type\":\"ListItem\",\"position\":4,\"name\":\"drone.case PP.117.Antigravity-A1 | Mallette multi-usages B&amp;W Type 3000 Antigravity A1\"}]},{\"@type\":\"WebSite\",\"@id\":\"https:\/\/www.b-w-international.com\/fr\/#website\",\"url\":\"https:\/\/www.b-w-international.com\/fr\/\",\"name\":\"B&W International\",\"description\":\"\",\"publisher\":{\"@id\":\"https:\/\/www.b-w-international.com\/fr\/#organization\"},\"potentialAction\":[{\"@type\":\"SearchAction\",\"target\":{\"@type\":\"EntryPoint\",\"urlTemplate\":\"https:\/\/www.b-w-international.com\/fr\/?s={search_term_string}\"},\"query-input\":{\"@type\":\"PropertyValueSpecification\",\"valueRequired\":true,\"valueName\":\"search_term_string\"}}],\"inLanguage\":\"fr-FR\"},{\"@type\":\"Organization\",\"@id\":\"https:\/\/www.b-w-international.com\/fr\/#organization\",\"name\":\"B&W International\",\"url\":\"https:\/\/www.b-w-international.com\/fr\/\",\"logo\":{\"@type\":\"ImageObject\",\"inLanguage\":\"fr-FR\",\"@id\":\"https:\/\/www.b-w-international.com\/fr\/#\/schema\/logo\/image\/\",\"url\":\"https:\/\/www.b-w-international.com\/wp-content\/uploads\/2024\/12\/16dbfc312f1eb060e7d95735c00f9ec6.png\",\"contentUrl\":\"https:\/\/www.b-w-international.com\/wp-content\/uploads\/2024\/12\/16dbfc312f1eb060e7d95735c00f9ec6.png\",\"width\":219,\"height\":82,\"caption\":\"B&W International\"},\"image\":{\"@id\":\"https:\/\/www.b-w-international.com\/fr\/#\/schema\/logo\/image\/\"}}]}<\/script>","yoast_head_json":{"title":"drone.case PP.117.Antigravity-A1 | Mallette multi-usages B&amp;W Type 3000 Antigravity A1 - B&amp;W International","description":"B&W valise pour drone Flip \u2713Etanche \u00e0 l'eau \u2713Etanche \u00e0 la poussi\u00e8re \u2713Extr\u00eamement r\u00e9sistant aux chocs \u2794 A d\u00e9couvrir d\u00e8s maintenant !","robots":{"index":"index","follow":"follow","max-snippet":"max-snippet:-1","max-image-preview":"max-image-preview:large","max-video-preview":"max-video-preview:-1"},"canonical":"https:\/\/www.b-w-international.com\/fr\/produkt\/drone-case-pp-117-antigravity-a1\/","og_locale":"fr_FR","og_type":"article","og_title":"drone.case PP.117.Antigravity-A1 | Mallette multi-usages B&amp;W Type 3000 Antigravity A1 - B&amp;W International","og_description":"B&W valise pour drone Flip \u2713Etanche \u00e0 l'eau \u2713Etanche \u00e0 la poussi\u00e8re \u2713Extr\u00eamement r\u00e9sistant aux chocs \u2794 A d\u00e9couvrir d\u00e8s maintenant !","og_url":"https:\/\/www.b-w-international.com\/fr\/produkt\/drone-case-pp-117-antigravity-a1\/","og_site_name":"B&amp;W International","article_modified_time":"2026-01-28T10:47:08+00:00","og_image":[{"width":1920,"height":1920,"url":"https:\/\/www.b-w-international.com\/wp-content\/uploads\/2026\/01\/3000_PP-117_Y_open-inlay-side-empty_antigravitiy-a1_bw-international.jpg","type":"image\/jpeg"}],"twitter_card":"summary_large_image","twitter_misc":{"Dur\u00e9e de lecture estim\u00e9e":"1 minute"},"schema":{"@context":"https:\/\/schema.org","@graph":[{"@type":"WebPage","@id":"https:\/\/www.b-w-international.com\/fr\/produkt\/drone-case-pp-117-antigravity-a1\/","url":"https:\/\/www.b-w-international.com\/fr\/produkt\/drone-case-pp-117-antigravity-a1\/","name":"drone.case PP.117.Antigravity-A1 | Mallette multi-usages B&amp;W Type 3000 Antigravity A1 - B&amp;W International","isPartOf":{"@id":"https:\/\/www.b-w-international.com\/fr\/#website"},"primaryImageOfPage":{"@id":"https:\/\/www.b-w-international.com\/fr\/produkt\/drone-case-pp-117-antigravity-a1\/#primaryimage"},"image":{"@id":"https:\/\/www.b-w-international.com\/fr\/produkt\/drone-case-pp-117-antigravity-a1\/#primaryimage"},"thumbnailUrl":"https:\/\/www.b-w-international.com\/wp-content\/uploads\/2026\/01\/3000_PP-117_Y_open-inlay-side-empty_antigravitiy-a1_bw-international.jpg","datePublished":"2026-01-28T10:11:58+00:00","dateModified":"2026-01-28T10:47:08+00:00","description":"B&W valise pour drone Flip \u2713Etanche \u00e0 l'eau \u2713Etanche \u00e0 la poussi\u00e8re \u2713Extr\u00eamement r\u00e9sistant aux chocs \u2794 A d\u00e9couvrir d\u00e8s maintenant !","breadcrumb":{"@id":"https:\/\/www.b-w-international.com\/fr\/produkt\/drone-case-pp-117-antigravity-a1\/#breadcrumb"},"inLanguage":"fr-FR","potentialAction":[{"@type":"ReadAction","target":["https:\/\/www.b-w-international.com\/fr\/produkt\/drone-case-pp-117-antigravity-a1\/"]}]},{"@type":"ImageObject","inLanguage":"fr-FR","@id":"https:\/\/www.b-w-international.com\/fr\/produkt\/drone-case-pp-117-antigravity-a1\/#primaryimage","url":"https:\/\/www.b-w-international.com\/wp-content\/uploads\/2026\/01\/3000_PP-117_Y_open-inlay-side-empty_antigravitiy-a1_bw-international.jpg","contentUrl":"https:\/\/www.b-w-international.com\/wp-content\/uploads\/2026\/01\/3000_PP-117_Y_open-inlay-side-empty_antigravitiy-a1_bw-international.jpg","width":1920,"height":1920,"caption":"Une valise jaune pour drone B&W PP.117.Antigravity-A1 (Type 3000) avec un rembourrage en mousse et des inserts bleus personnalis\u00e9s, montr\u00e9e ouverte avec des compartiments pour un rangement s\u00e9curis\u00e9 des objets."},{"@type":"BreadcrumbList","@id":"https:\/\/www.b-w-international.com\/fr\/produkt\/drone-case-pp-117-antigravity-a1\/#breadcrumb","itemListElement":[{"@type":"ListItem","position":1,"name":"Home","item":"https:\/\/www.b-w-international.com\/fr\/"},{"@type":"ListItem","position":2,"name":"Produits","item":"https:\/\/www.b-w-international.com\/fr\/boutique\/"},{"@type":"ListItem","position":3,"name":"Valises pour drones et appareils photo","item":"https:\/\/www.b-w-international.com\/fr\/produkte\/valises-pour-drones-et-appareils-photo\/"},{"@type":"ListItem","position":4,"name":"drone.case PP.117.Antigravity-A1 | Mallette multi-usages B&amp;W Type 3000 Antigravity A1"}]},{"@type":"WebSite","@id":"https:\/\/www.b-w-international.com\/fr\/#website","url":"https:\/\/www.b-w-international.com\/fr\/","name":"B&W International","description":"","publisher":{"@id":"https:\/\/www.b-w-international.com\/fr\/#organization"},"potentialAction":[{"@type":"SearchAction","target":{"@type":"EntryPoint","urlTemplate":"https:\/\/www.b-w-international.com\/fr\/?s={search_term_string}"},"query-input":{"@type":"PropertyValueSpecification","valueRequired":true,"valueName":"search_term_string"}}],"inLanguage":"fr-FR"},{"@type":"Organization","@id":"https:\/\/www.b-w-international.com\/fr\/#organization","name":"B&W International","url":"https:\/\/www.b-w-international.com\/fr\/","logo":{"@type":"ImageObject","inLanguage":"fr-FR","@id":"https:\/\/www.b-w-international.com\/fr\/#\/schema\/logo\/image\/","url":"https:\/\/www.b-w-international.com\/wp-content\/uploads\/2024\/12\/16dbfc312f1eb060e7d95735c00f9ec6.png","contentUrl":"https:\/\/www.b-w-international.com\/wp-content\/uploads\/2024\/12\/16dbfc312f1eb060e7d95735c00f9ec6.png","width":219,"height":82,"caption":"B&W International"},"image":{"@id":"https:\/\/www.b-w-international.com\/fr\/#\/schema\/logo\/image\/"}}]}},"_links":{"self":[{"href":"https:\/\/www.b-w-international.com\/fr\/wp-json\/wp\/v2\/product\/24370","targetHints":{"allow":["GET"]}}],"collection":[{"href":"https:\/\/www.b-w-international.com\/fr\/wp-json\/wp\/v2\/product"}],"about":[{"href":"https:\/\/www.b-w-international.com\/fr\/wp-json\/wp\/v2\/types\/product"}],"wp:featuredmedia":[{"embeddable":true,"href":"https:\/\/www.b-w-international.com\/fr\/wp-json\/wp\/v2\/media\/24433"}],"wp:attachment":[{"href":"https:\/\/www.b-w-international.com\/fr\/wp-json\/wp\/v2\/media?parent=24370"}],"wp:term":[{"taxonomy":"product_brand","embeddable":true,"href":"https:\/\/www.b-w-international.com\/fr\/wp-json\/wp\/v2\/product_brand?post=24370"},{"taxonomy":"product_cat","embeddable":true,"href":"https:\/\/www.b-w-international.com\/fr\/wp-json\/wp\/v2\/product_cat?post=24370"},{"taxonomy":"product_tag","embeddable":true,"href":"https:\/\/www.b-w-international.com\/fr\/wp-json\/wp\/v2\/product_tag?post=24370"}],"curies":[{"name":"wp","href":"https:\/\/api.w.org\/{rel}","templated":true}]}}