{"id":25081,"date":"2026-02-11T11:50:59","date_gmt":"2026-02-11T10:50:59","guid":{"rendered":"https:\/\/www.b-w-international.com\/?post_type=product&#038;p=25081"},"modified":"2026-03-09T11:35:29","modified_gmt":"2026-03-09T10:35:29","slug":"rack-case-hdpe-5u-380","status":"publish","type":"product","link":"https:\/\/www.b-w-international.com\/fr\/produkt\/rack-case-hdpe-5u-380\/","title":{"rendered":"rack.case HDPE.5U.380 | Bo\u00eetier B&amp;W pour rack 380 mm"},"content":{"rendered":"<div>\n<ul>\n<li>Cadre de valise robuste rotomoul\u00e9 en mat\u00e9riau PE r\u00e9sistant aux chocs<\/li>\n<li>Amortisseur de chocs pour une protection maximale pendant le transport<\/li>\n<li>Couvercle de 80 mm ou 120 mm avec rouleaux de bordure<\/li>\n<li>Largeur de rack standard de 19 pouces conforme \u00e0 la norme ANSI\/EIA-310-C<\/li>\n<li>Rails pour rack avec trous carr\u00e9s pour \u00e9crous cage standard de 6 mm<\/li>\n<li>Poign\u00e9es en polym\u00e8re tr\u00e8s r\u00e9sistantes avec prise en main souple en caoutchouc<\/li>\n<li>Fermetures en acier inoxydable<\/li>\n<li>Soupape de surpression m\u00e9canique (standard)<\/li>\n<li>Joint \u00e9tanche entre le bo\u00eetier et le couvercle<\/li>\n<li>Suspension de couvercle (standard)<\/li>\n<li>diff\u00e9rentes options de couleurs<\/li>\n<li>disponible en profondeurs de rack <strong>de 380 mm &#8211; 480 mm &#8211; 610 mm &#8211; 780 mm<\/strong><\/li>\n<li>Gammes de tailles de <strong>3U \u00e0 14U<\/strong><\/li>\n<li>Syst\u00e8me d&#8217;empilage et de rangement Multibrix\u00ae (empilage s\u00e9curis\u00e9 et empilage crois\u00e9 de valises de m\u00eame taille ou de tailles diff\u00e9rentes).<\/li>\n<li>Les lignes de la grille sur le couvercle sont sp\u00e9cialement con\u00e7ues pour le cerclage de palettes.<\/li>\n<li>Design l\u00e9ger et compact<\/li>\n<li>Plage de charges utiles standard 20-75 kg<\/li>\n<li>Test\u00e9 et approuv\u00e9 &#8211; MIL-STD 810 G, STANAG 4280, Def Stan 81-41<\/li>\n<li>Certifi\u00e9 IP 65 pour l&rsquo;entr\u00e9e de poussi\u00e8re et d&rsquo;eau<\/li>\n<\/ul>\n<p>Les rack.cases sont \u00e9galement disponibles dans d&rsquo;autres couleurs sur demande.<br \/>\nPour un aper\u00e7u complet de toutes les tailles et configurations disponibles, consultez notre <a href=\"https:\/\/www.b-w-international.com\/wp-content\/uploads\/2026\/02\/Flyer_cargo-cases_rack-cases_DE_bw-international.pdf\" target=\"_blank\" rel=\"noopener\"><strong>Aper\u00e7u des produits<\/strong><\/a>.<\/p>\n<\/div>\n<div style=\"display:flex; gap:10px;justify-content:center\" class=\"wps-pgfw-pdf-generate-icon__wrapper-frontend\">\n\t\t<a  href=\"https:\/\/www.b-w-international.com\/fr\/wp-json\/wp\/v2\/product\/25081\/?action=genpdf&amp;id=25081\" class=\"pgfw-single-pdf-download-button\" target=_blank><img src=\"https:\/\/www.b-w-international.com\/wp-content\/uploads\/2025\/03\/icon-download.svg\" title=\"G\u00e9n\u00e9rer un PDF\" style=\"width:auto; height:45px;\"><\/a>\n\t\t<\/div>","protected":false},"excerpt":{"rendered":"<p>Cadre de valise robuste rotomoul\u00e9 en mat\u00e9riau PE r\u00e9sistant aux chocs Amortisseur de chocs pour une protection maximale pendant le transport Couvercle de 80 mm ou 120 mm avec rouleaux de bordure Largeur de rack standard de 19 pouces conforme \u00e0 la norme ANSI\/EIA-310-C Rails pour rack avec trous carr\u00e9s pour \u00e9crous cage standard de [&hellip;]<\/p>\n","protected":false},"featured_media":25119,"template":"","meta":{"_acf_changed":false},"product_brand":[],"product_cat":[882,859],"product_tag":[],"class_list":{"0":"post-25081","1":"product","2":"type-product","3":"status-publish","4":"has-post-thumbnail","6":"product_features-empilable","7":"product_features-extremement-robuste","8":"product_features-materiau-resistant","9":"product_cat-rack","10":"product_cat-valise-rack","11":"pa_farbe-bronze-vert","12":"pa_farbe-jaune","13":"pa_farbe-noir","14":"pa_farbe-orange-fr","16":"first","17":"instock","18":"product-type-variable"},"acf":[],"yoast_head":"<title>rack.case HDPE.5U.380 | Bo\u00eetier B&amp;W pour rack 380 mm - B&amp;W International<\/title>\n<meta name=\"description\" content=\"Mallette polyvalente B&amp;W pratique \u2713R\u00e9sistante aux chocs \u2713Etanche \u00e0 l&#039;eau \u2713Avec poign\u00e9e de transport \u2713S\u00e9curit\u00e9 de la fermeture \u2794 Consultez maintenant !\" \/>\n<meta name=\"robots\" content=\"index, follow, max-snippet:-1, max-image-preview:large, max-video-preview:-1\" \/>\n<link rel=\"canonical\" href=\"https:\/\/www.b-w-international.com\/fr\/produkt\/rack-case-hdpe-5u-380\/\" \/>\n<meta property=\"og:locale\" content=\"fr_FR\" \/>\n<meta property=\"og:type\" content=\"article\" \/>\n<meta property=\"og:title\" content=\"rack.case HDPE.5U.380 | Bo\u00eetier B&amp;W pour rack 380 mm - B&amp;W International\" \/>\n<meta property=\"og:description\" content=\"Mallette polyvalente B&amp;W pratique \u2713R\u00e9sistante aux chocs \u2713Etanche \u00e0 l&#039;eau \u2713Avec poign\u00e9e de transport \u2713S\u00e9curit\u00e9 de la fermeture \u2794 Consultez maintenant !\" \/>\n<meta property=\"og:url\" content=\"https:\/\/www.b-w-international.com\/fr\/produkt\/rack-case-hdpe-5u-380\/\" \/>\n<meta property=\"og:site_name\" content=\"B&amp;W International\" \/>\n<meta property=\"article:modified_time\" content=\"2026-03-09T10:35:29+00:00\" \/>\n<meta property=\"og:image\" content=\"https:\/\/www.b-w-international.com\/wp-content\/uploads\/2026\/02\/rack-case_HDPE-5U-380_closed_bw-international.jpg\" \/>\n\t<meta property=\"og:image:width\" content=\"1920\" \/>\n\t<meta property=\"og:image:height\" content=\"1920\" \/>\n\t<meta property=\"og:image:type\" content=\"image\/jpeg\" \/>\n<meta name=\"twitter:card\" content=\"summary_large_image\" \/>\n<meta name=\"twitter:label1\" content=\"Dur\u00e9e de lecture estim\u00e9e\" \/>\n\t<meta name=\"twitter:data1\" content=\"2 minutes\" \/>\n<script type=\"application\/ld+json\" class=\"yoast-schema-graph\">{\"@context\":\"https:\/\/schema.org\",\"@graph\":[{\"@type\":\"WebPage\",\"@id\":\"https:\/\/www.b-w-international.com\/fr\/produkt\/rack-case-hdpe-5u-380\/\",\"url\":\"https:\/\/www.b-w-international.com\/fr\/produkt\/rack-case-hdpe-5u-380\/\",\"name\":\"rack.case HDPE.5U.380 | Bo\u00eetier B&amp;W pour rack 380 mm - B&amp;W International\",\"isPartOf\":{\"@id\":\"https:\/\/www.b-w-international.com\/fr\/#website\"},\"primaryImageOfPage\":{\"@id\":\"https:\/\/www.b-w-international.com\/fr\/produkt\/rack-case-hdpe-5u-380\/#primaryimage\"},\"image\":{\"@id\":\"https:\/\/www.b-w-international.com\/fr\/produkt\/rack-case-hdpe-5u-380\/#primaryimage\"},\"thumbnailUrl\":\"https:\/\/www.b-w-international.com\/wp-content\/uploads\/2026\/02\/rack-case_HDPE-5U-380_closed_bw-international.jpg\",\"datePublished\":\"2026-02-11T10:50:59+00:00\",\"dateModified\":\"2026-03-09T10:35:29+00:00\",\"description\":\"Mallette polyvalente B&W pratique \u2713R\u00e9sistante aux chocs \u2713Etanche \u00e0 l'eau \u2713Avec poign\u00e9e de transport \u2713S\u00e9curit\u00e9 de la fermeture \u2794 Consultez maintenant !\",\"breadcrumb\":{\"@id\":\"https:\/\/www.b-w-international.com\/fr\/produkt\/rack-case-hdpe-5u-380\/#breadcrumb\"},\"inLanguage\":\"fr-FR\",\"potentialAction\":[{\"@type\":\"ReadAction\",\"target\":[\"https:\/\/www.b-w-international.com\/fr\/produkt\/rack-case-hdpe-5u-380\/\"]}]},{\"@type\":\"ImageObject\",\"inLanguage\":\"fr-FR\",\"@id\":\"https:\/\/www.b-w-international.com\/fr\/produkt\/rack-case-hdpe-5u-380\/#primaryimage\",\"url\":\"https:\/\/www.b-w-international.com\/wp-content\/uploads\/2026\/02\/rack-case_HDPE-5U-380_closed_bw-international.jpg\",\"contentUrl\":\"https:\/\/www.b-w-international.com\/wp-content\/uploads\/2026\/02\/rack-case_HDPE-5U-380_closed_bw-international.jpg\",\"width\":1920,\"height\":1920,\"caption\":\"Une grande mallette rigide noire et solide de B&amp;W International avec des coins renforc\u00e9s, des poign\u00e9es lat\u00e9rales et des fermetures s\u00e9curis\u00e9es est repr\u00e9sent\u00e9e sur un fond blanc.\"},{\"@type\":\"BreadcrumbList\",\"@id\":\"https:\/\/www.b-w-international.com\/fr\/produkt\/rack-case-hdpe-5u-380\/#breadcrumb\",\"itemListElement\":[{\"@type\":\"ListItem\",\"position\":1,\"name\":\"Home\",\"item\":\"https:\/\/www.b-w-international.com\/fr\/\"},{\"@type\":\"ListItem\",\"position\":2,\"name\":\"Produits\",\"item\":\"https:\/\/www.b-w-international.com\/fr\/boutique\/\"},{\"@type\":\"ListItem\",\"position\":3,\"name\":\"Conteneurs de transport et de chargement\",\"item\":\"https:\/\/www.b-w-international.com\/fr\/produkte\/conteneurs-de-transport-et-de-chargement\/\"},{\"@type\":\"ListItem\",\"position\":4,\"name\":\"Rack cases\",\"item\":\"https:\/\/www.b-w-international.com\/fr\/produkte\/conteneurs-de-transport-et-de-chargement\/valise-rack\/\"},{\"@type\":\"ListItem\",\"position\":5,\"name\":\"rack.case HDPE.5U.380 | Bo\u00eetier B&amp;W pour rack 380 mm\"}]},{\"@type\":\"WebSite\",\"@id\":\"https:\/\/www.b-w-international.com\/fr\/#website\",\"url\":\"https:\/\/www.b-w-international.com\/fr\/\",\"name\":\"B&W International\",\"description\":\"\",\"publisher\":{\"@id\":\"https:\/\/www.b-w-international.com\/fr\/#organization\"},\"potentialAction\":[{\"@type\":\"SearchAction\",\"target\":{\"@type\":\"EntryPoint\",\"urlTemplate\":\"https:\/\/www.b-w-international.com\/fr\/?s={search_term_string}\"},\"query-input\":{\"@type\":\"PropertyValueSpecification\",\"valueRequired\":true,\"valueName\":\"search_term_string\"}}],\"inLanguage\":\"fr-FR\"},{\"@type\":\"Organization\",\"@id\":\"https:\/\/www.b-w-international.com\/fr\/#organization\",\"name\":\"B&W International\",\"url\":\"https:\/\/www.b-w-international.com\/fr\/\",\"logo\":{\"@type\":\"ImageObject\",\"inLanguage\":\"fr-FR\",\"@id\":\"https:\/\/www.b-w-international.com\/fr\/#\/schema\/logo\/image\/\",\"url\":\"https:\/\/www.b-w-international.com\/wp-content\/uploads\/2024\/12\/16dbfc312f1eb060e7d95735c00f9ec6.png\",\"contentUrl\":\"https:\/\/www.b-w-international.com\/wp-content\/uploads\/2024\/12\/16dbfc312f1eb060e7d95735c00f9ec6.png\",\"width\":219,\"height\":82,\"caption\":\"B&W International\"},\"image\":{\"@id\":\"https:\/\/www.b-w-international.com\/fr\/#\/schema\/logo\/image\/\"}}]}<\/script>","yoast_head_json":{"title":"rack.case HDPE.5U.380 | Bo\u00eetier B&amp;W pour rack 380 mm - B&amp;W International","description":"Mallette polyvalente B&W pratique \u2713R\u00e9sistante aux chocs \u2713Etanche \u00e0 l'eau \u2713Avec poign\u00e9e de transport \u2713S\u00e9curit\u00e9 de la fermeture \u2794 Consultez maintenant !","robots":{"index":"index","follow":"follow","max-snippet":"max-snippet:-1","max-image-preview":"max-image-preview:large","max-video-preview":"max-video-preview:-1"},"canonical":"https:\/\/www.b-w-international.com\/fr\/produkt\/rack-case-hdpe-5u-380\/","og_locale":"fr_FR","og_type":"article","og_title":"rack.case HDPE.5U.380 | Bo\u00eetier B&amp;W pour rack 380 mm - B&amp;W International","og_description":"Mallette polyvalente B&W pratique \u2713R\u00e9sistante aux chocs \u2713Etanche \u00e0 l'eau \u2713Avec poign\u00e9e de transport \u2713S\u00e9curit\u00e9 de la fermeture \u2794 Consultez maintenant !","og_url":"https:\/\/www.b-w-international.com\/fr\/produkt\/rack-case-hdpe-5u-380\/","og_site_name":"B&amp;W International","article_modified_time":"2026-03-09T10:35:29+00:00","og_image":[{"width":1920,"height":1920,"url":"https:\/\/www.b-w-international.com\/wp-content\/uploads\/2026\/02\/rack-case_HDPE-5U-380_closed_bw-international.jpg","type":"image\/jpeg"}],"twitter_card":"summary_large_image","twitter_misc":{"Dur\u00e9e de lecture estim\u00e9e":"2 minutes"},"schema":{"@context":"https:\/\/schema.org","@graph":[{"@type":"WebPage","@id":"https:\/\/www.b-w-international.com\/fr\/produkt\/rack-case-hdpe-5u-380\/","url":"https:\/\/www.b-w-international.com\/fr\/produkt\/rack-case-hdpe-5u-380\/","name":"rack.case HDPE.5U.380 | Bo\u00eetier B&amp;W pour rack 380 mm - B&amp;W International","isPartOf":{"@id":"https:\/\/www.b-w-international.com\/fr\/#website"},"primaryImageOfPage":{"@id":"https:\/\/www.b-w-international.com\/fr\/produkt\/rack-case-hdpe-5u-380\/#primaryimage"},"image":{"@id":"https:\/\/www.b-w-international.com\/fr\/produkt\/rack-case-hdpe-5u-380\/#primaryimage"},"thumbnailUrl":"https:\/\/www.b-w-international.com\/wp-content\/uploads\/2026\/02\/rack-case_HDPE-5U-380_closed_bw-international.jpg","datePublished":"2026-02-11T10:50:59+00:00","dateModified":"2026-03-09T10:35:29+00:00","description":"Mallette polyvalente B&W pratique \u2713R\u00e9sistante aux chocs \u2713Etanche \u00e0 l'eau \u2713Avec poign\u00e9e de transport \u2713S\u00e9curit\u00e9 de la fermeture \u2794 Consultez maintenant !","breadcrumb":{"@id":"https:\/\/www.b-w-international.com\/fr\/produkt\/rack-case-hdpe-5u-380\/#breadcrumb"},"inLanguage":"fr-FR","potentialAction":[{"@type":"ReadAction","target":["https:\/\/www.b-w-international.com\/fr\/produkt\/rack-case-hdpe-5u-380\/"]}]},{"@type":"ImageObject","inLanguage":"fr-FR","@id":"https:\/\/www.b-w-international.com\/fr\/produkt\/rack-case-hdpe-5u-380\/#primaryimage","url":"https:\/\/www.b-w-international.com\/wp-content\/uploads\/2026\/02\/rack-case_HDPE-5U-380_closed_bw-international.jpg","contentUrl":"https:\/\/www.b-w-international.com\/wp-content\/uploads\/2026\/02\/rack-case_HDPE-5U-380_closed_bw-international.jpg","width":1920,"height":1920,"caption":"Une grande mallette rigide noire et solide de B&amp;W International avec des coins renforc\u00e9s, des poign\u00e9es lat\u00e9rales et des fermetures s\u00e9curis\u00e9es est repr\u00e9sent\u00e9e sur un fond blanc."},{"@type":"BreadcrumbList","@id":"https:\/\/www.b-w-international.com\/fr\/produkt\/rack-case-hdpe-5u-380\/#breadcrumb","itemListElement":[{"@type":"ListItem","position":1,"name":"Home","item":"https:\/\/www.b-w-international.com\/fr\/"},{"@type":"ListItem","position":2,"name":"Produits","item":"https:\/\/www.b-w-international.com\/fr\/boutique\/"},{"@type":"ListItem","position":3,"name":"Conteneurs de transport et de chargement","item":"https:\/\/www.b-w-international.com\/fr\/produkte\/conteneurs-de-transport-et-de-chargement\/"},{"@type":"ListItem","position":4,"name":"Rack cases","item":"https:\/\/www.b-w-international.com\/fr\/produkte\/conteneurs-de-transport-et-de-chargement\/valise-rack\/"},{"@type":"ListItem","position":5,"name":"rack.case HDPE.5U.380 | Bo\u00eetier B&amp;W pour rack 380 mm"}]},{"@type":"WebSite","@id":"https:\/\/www.b-w-international.com\/fr\/#website","url":"https:\/\/www.b-w-international.com\/fr\/","name":"B&W International","description":"","publisher":{"@id":"https:\/\/www.b-w-international.com\/fr\/#organization"},"potentialAction":[{"@type":"SearchAction","target":{"@type":"EntryPoint","urlTemplate":"https:\/\/www.b-w-international.com\/fr\/?s={search_term_string}"},"query-input":{"@type":"PropertyValueSpecification","valueRequired":true,"valueName":"search_term_string"}}],"inLanguage":"fr-FR"},{"@type":"Organization","@id":"https:\/\/www.b-w-international.com\/fr\/#organization","name":"B&W International","url":"https:\/\/www.b-w-international.com\/fr\/","logo":{"@type":"ImageObject","inLanguage":"fr-FR","@id":"https:\/\/www.b-w-international.com\/fr\/#\/schema\/logo\/image\/","url":"https:\/\/www.b-w-international.com\/wp-content\/uploads\/2024\/12\/16dbfc312f1eb060e7d95735c00f9ec6.png","contentUrl":"https:\/\/www.b-w-international.com\/wp-content\/uploads\/2024\/12\/16dbfc312f1eb060e7d95735c00f9ec6.png","width":219,"height":82,"caption":"B&W International"},"image":{"@id":"https:\/\/www.b-w-international.com\/fr\/#\/schema\/logo\/image\/"}}]}},"_links":{"self":[{"href":"https:\/\/www.b-w-international.com\/fr\/wp-json\/wp\/v2\/product\/25081","targetHints":{"allow":["GET"]}}],"collection":[{"href":"https:\/\/www.b-w-international.com\/fr\/wp-json\/wp\/v2\/product"}],"about":[{"href":"https:\/\/www.b-w-international.com\/fr\/wp-json\/wp\/v2\/types\/product"}],"wp:featuredmedia":[{"embeddable":true,"href":"https:\/\/www.b-w-international.com\/fr\/wp-json\/wp\/v2\/media\/25119"}],"wp:attachment":[{"href":"https:\/\/www.b-w-international.com\/fr\/wp-json\/wp\/v2\/media?parent=25081"}],"wp:term":[{"taxonomy":"product_brand","embeddable":true,"href":"https:\/\/www.b-w-international.com\/fr\/wp-json\/wp\/v2\/product_brand?post=25081"},{"taxonomy":"product_cat","embeddable":true,"href":"https:\/\/www.b-w-international.com\/fr\/wp-json\/wp\/v2\/product_cat?post=25081"},{"taxonomy":"product_tag","embeddable":true,"href":"https:\/\/www.b-w-international.com\/fr\/wp-json\/wp\/v2\/product_tag?post=25081"}],"curies":[{"name":"wp","href":"https:\/\/api.w.org\/{rel}","templated":true}]}}