{"id":26450,"date":"2026-04-08T14:21:59","date_gmt":"2026-04-08T12:21:59","guid":{"rendered":"https:\/\/www.b-w-international.com\/?post_type=product&#038;p=26450"},"modified":"2026-04-08T14:40:28","modified_gmt":"2026-04-08T12:40:28","slug":"quantum-case-pp-267","status":"publish","type":"product","link":"https:\/\/www.b-w-international.com\/fr\/produkt\/quantum-case-pp-267\/","title":{"rendered":"Quantum.case PP.267 | B&amp;W Quantum T 3100"},"content":{"rendered":"<ul>\n<li>4 tailles<\/li>\n<li>Double paroi<\/li>\n<li>Une solution d&#8217;emballage moderne et fonctionnelle<\/li>\n<li>Poign\u00e9e ergonomique r\u00e9tractable<\/li>\n<li>Charni\u00e8re de film int\u00e9gr\u00e9e \u00e9prouv\u00e9e<\/li>\n<li>Grande capacit\u00e9 de charge<\/li>\n<li>Noyau interne adaptable<\/li>\n<\/ul>\n<div style=\"display:flex; gap:10px;justify-content:center\" class=\"wps-pgfw-pdf-generate-icon__wrapper-frontend\">\n\t\t<a  href=\"https:\/\/www.b-w-international.com\/fr\/wp-json\/wp\/v2\/product\/26450\/?action=genpdf&amp;id=26450\" class=\"pgfw-single-pdf-download-button\" target=_blank><img src=\"https:\/\/www.b-w-international.com\/wp-content\/uploads\/2025\/03\/icon-download.svg\" title=\"G\u00e9n\u00e9rer un PDF\" style=\"width:auto; height:45px;\"><\/a>\n\t\t<\/div>","protected":false},"excerpt":{"rendered":"<p>4 tailles Double paroi Une solution d&#8217;emballage moderne et fonctionnelle Poign\u00e9e ergonomique r\u00e9tractable Charni\u00e8re de film int\u00e9gr\u00e9e \u00e9prouv\u00e9e Grande capacit\u00e9 de charge Noyau interne adaptable<\/p>\n","protected":false},"featured_media":26454,"template":"","meta":{"_acf_changed":false},"product_brand":[],"product_cat":[885],"product_tag":[],"class_list":{"0":"post-26450","1":"product","2":"type-product","3":"status-publish","4":"has-post-thumbnail","6":"product_cat-coffret-de-presentation","7":"pa_farbe-noir","9":"first","10":"instock","11":"shipping-taxable","12":"product-type-variable"},"acf":[],"yoast_head":"<title>Quantum.case PP.267 | B&amp;W Quantum T 3100 - B&amp;W International<\/title>\n<meta name=\"robots\" content=\"index, follow, max-snippet:-1, max-image-preview:large, max-video-preview:-1\" \/>\n<link rel=\"canonical\" href=\"https:\/\/www.b-w-international.com\/fr\/produkt\/quantum-case-pp-267\/\" \/>\n<meta property=\"og:locale\" content=\"fr_FR\" \/>\n<meta property=\"og:type\" content=\"article\" \/>\n<meta property=\"og:title\" content=\"Quantum.case PP.267 | B&amp;W Quantum T 3100 - B&amp;W International\" \/>\n<meta property=\"og:description\" content=\"4 tailles Double paroi Une solution d&#8217;emballage moderne et fonctionnelle Poign\u00e9e ergonomique r\u00e9tractable Charni\u00e8re de film int\u00e9gr\u00e9e \u00e9prouv\u00e9e Grande capacit\u00e9 de charge Noyau interne adaptable\" \/>\n<meta property=\"og:url\" content=\"https:\/\/www.b-w-international.com\/fr\/produkt\/quantum-case-pp-267\/\" \/>\n<meta property=\"og:site_name\" content=\"B&amp;W International\" \/>\n<meta property=\"article:modified_time\" content=\"2026-04-08T12:40:28+00:00\" \/>\n<meta property=\"og:image\" content=\"https:\/\/www.b-w-international.com\/wp-content\/uploads\/2026\/04\/Quantum_PP-267_B_closed-standing_bw-international.jpg\" \/>\n\t<meta property=\"og:image:width\" content=\"1920\" \/>\n\t<meta property=\"og:image:height\" content=\"1920\" \/>\n\t<meta property=\"og:image:type\" content=\"image\/jpeg\" \/>\n<meta name=\"twitter:card\" content=\"summary_large_image\" \/>\n<meta name=\"twitter:label1\" content=\"Dur\u00e9e de lecture estim\u00e9e\" \/>\n\t<meta name=\"twitter:data1\" content=\"1 minute\" \/>\n<script type=\"application\/ld+json\" class=\"yoast-schema-graph\">{\"@context\":\"https:\/\/schema.org\",\"@graph\":[{\"@type\":\"WebPage\",\"@id\":\"https:\/\/www.b-w-international.com\/fr\/produkt\/quantum-case-pp-267\/\",\"url\":\"https:\/\/www.b-w-international.com\/fr\/produkt\/quantum-case-pp-267\/\",\"name\":\"Quantum.case PP.267 | B&amp;W Quantum T 3100 - B&amp;W International\",\"isPartOf\":{\"@id\":\"https:\/\/www.b-w-international.com\/fr\/#website\"},\"primaryImageOfPage\":{\"@id\":\"https:\/\/www.b-w-international.com\/fr\/produkt\/quantum-case-pp-267\/#primaryimage\"},\"image\":{\"@id\":\"https:\/\/www.b-w-international.com\/fr\/produkt\/quantum-case-pp-267\/#primaryimage\"},\"thumbnailUrl\":\"https:\/\/www.b-w-international.com\/wp-content\/uploads\/2026\/04\/Quantum_PP-267_B_closed-standing_bw-international.jpg\",\"datePublished\":\"2026-04-08T12:21:59+00:00\",\"dateModified\":\"2026-04-08T12:40:28+00:00\",\"breadcrumb\":{\"@id\":\"https:\/\/www.b-w-international.com\/fr\/produkt\/quantum-case-pp-267\/#breadcrumb\"},\"inLanguage\":\"fr-FR\",\"potentialAction\":[{\"@type\":\"ReadAction\",\"target\":[\"https:\/\/www.b-w-international.com\/fr\/produkt\/quantum-case-pp-267\/\"]}]},{\"@type\":\"ImageObject\",\"inLanguage\":\"fr-FR\",\"@id\":\"https:\/\/www.b-w-international.com\/fr\/produkt\/quantum-case-pp-267\/#primaryimage\",\"url\":\"https:\/\/www.b-w-international.com\/wp-content\/uploads\/2026\/04\/Quantum_PP-267_B_closed-standing_bw-international.jpg\",\"contentUrl\":\"https:\/\/www.b-w-international.com\/wp-content\/uploads\/2026\/04\/Quantum_PP-267_B_closed-standing_bw-international.jpg\",\"width\":1920,\"height\":1920},{\"@type\":\"BreadcrumbList\",\"@id\":\"https:\/\/www.b-w-international.com\/fr\/produkt\/quantum-case-pp-267\/#breadcrumb\",\"itemListElement\":[{\"@type\":\"ListItem\",\"position\":1,\"name\":\"Home\",\"item\":\"https:\/\/www.b-w-international.com\/fr\/\"},{\"@type\":\"ListItem\",\"position\":2,\"name\":\"Produits\",\"item\":\"https:\/\/www.b-w-international.com\/fr\/boutique\/\"},{\"@type\":\"ListItem\",\"position\":3,\"name\":\"Coffret de pr\u00e9sentation\",\"item\":\"https:\/\/www.b-w-international.com\/fr\/produkte\/coffret-de-presentation\/\"},{\"@type\":\"ListItem\",\"position\":4,\"name\":\"Quantum.case PP.267 | B&amp;W Quantum T 3100\"}]},{\"@type\":\"WebSite\",\"@id\":\"https:\/\/www.b-w-international.com\/fr\/#website\",\"url\":\"https:\/\/www.b-w-international.com\/fr\/\",\"name\":\"B&W International\",\"description\":\"\",\"publisher\":{\"@id\":\"https:\/\/www.b-w-international.com\/fr\/#organization\"},\"potentialAction\":[{\"@type\":\"SearchAction\",\"target\":{\"@type\":\"EntryPoint\",\"urlTemplate\":\"https:\/\/www.b-w-international.com\/fr\/?s={search_term_string}\"},\"query-input\":{\"@type\":\"PropertyValueSpecification\",\"valueRequired\":true,\"valueName\":\"search_term_string\"}}],\"inLanguage\":\"fr-FR\"},{\"@type\":\"Organization\",\"@id\":\"https:\/\/www.b-w-international.com\/fr\/#organization\",\"name\":\"B&W International\",\"url\":\"https:\/\/www.b-w-international.com\/fr\/\",\"logo\":{\"@type\":\"ImageObject\",\"inLanguage\":\"fr-FR\",\"@id\":\"https:\/\/www.b-w-international.com\/fr\/#\/schema\/logo\/image\/\",\"url\":\"https:\/\/www.b-w-international.com\/wp-content\/uploads\/2024\/12\/16dbfc312f1eb060e7d95735c00f9ec6.png\",\"contentUrl\":\"https:\/\/www.b-w-international.com\/wp-content\/uploads\/2024\/12\/16dbfc312f1eb060e7d95735c00f9ec6.png\",\"width\":219,\"height\":82,\"caption\":\"B&W International\"},\"image\":{\"@id\":\"https:\/\/www.b-w-international.com\/fr\/#\/schema\/logo\/image\/\"}}]}<\/script>","yoast_head_json":{"title":"Quantum.case PP.267 | B&amp;W Quantum T 3100 - B&amp;W International","robots":{"index":"index","follow":"follow","max-snippet":"max-snippet:-1","max-image-preview":"max-image-preview:large","max-video-preview":"max-video-preview:-1"},"canonical":"https:\/\/www.b-w-international.com\/fr\/produkt\/quantum-case-pp-267\/","og_locale":"fr_FR","og_type":"article","og_title":"Quantum.case PP.267 | B&amp;W Quantum T 3100 - B&amp;W International","og_description":"4 tailles Double paroi Une solution d&#8217;emballage moderne et fonctionnelle Poign\u00e9e ergonomique r\u00e9tractable Charni\u00e8re de film int\u00e9gr\u00e9e \u00e9prouv\u00e9e Grande capacit\u00e9 de charge Noyau interne adaptable","og_url":"https:\/\/www.b-w-international.com\/fr\/produkt\/quantum-case-pp-267\/","og_site_name":"B&amp;W International","article_modified_time":"2026-04-08T12:40:28+00:00","og_image":[{"width":1920,"height":1920,"url":"https:\/\/www.b-w-international.com\/wp-content\/uploads\/2026\/04\/Quantum_PP-267_B_closed-standing_bw-international.jpg","type":"image\/jpeg"}],"twitter_card":"summary_large_image","twitter_misc":{"Dur\u00e9e de lecture estim\u00e9e":"1 minute"},"schema":{"@context":"https:\/\/schema.org","@graph":[{"@type":"WebPage","@id":"https:\/\/www.b-w-international.com\/fr\/produkt\/quantum-case-pp-267\/","url":"https:\/\/www.b-w-international.com\/fr\/produkt\/quantum-case-pp-267\/","name":"Quantum.case PP.267 | B&amp;W Quantum T 3100 - B&amp;W International","isPartOf":{"@id":"https:\/\/www.b-w-international.com\/fr\/#website"},"primaryImageOfPage":{"@id":"https:\/\/www.b-w-international.com\/fr\/produkt\/quantum-case-pp-267\/#primaryimage"},"image":{"@id":"https:\/\/www.b-w-international.com\/fr\/produkt\/quantum-case-pp-267\/#primaryimage"},"thumbnailUrl":"https:\/\/www.b-w-international.com\/wp-content\/uploads\/2026\/04\/Quantum_PP-267_B_closed-standing_bw-international.jpg","datePublished":"2026-04-08T12:21:59+00:00","dateModified":"2026-04-08T12:40:28+00:00","breadcrumb":{"@id":"https:\/\/www.b-w-international.com\/fr\/produkt\/quantum-case-pp-267\/#breadcrumb"},"inLanguage":"fr-FR","potentialAction":[{"@type":"ReadAction","target":["https:\/\/www.b-w-international.com\/fr\/produkt\/quantum-case-pp-267\/"]}]},{"@type":"ImageObject","inLanguage":"fr-FR","@id":"https:\/\/www.b-w-international.com\/fr\/produkt\/quantum-case-pp-267\/#primaryimage","url":"https:\/\/www.b-w-international.com\/wp-content\/uploads\/2026\/04\/Quantum_PP-267_B_closed-standing_bw-international.jpg","contentUrl":"https:\/\/www.b-w-international.com\/wp-content\/uploads\/2026\/04\/Quantum_PP-267_B_closed-standing_bw-international.jpg","width":1920,"height":1920},{"@type":"BreadcrumbList","@id":"https:\/\/www.b-w-international.com\/fr\/produkt\/quantum-case-pp-267\/#breadcrumb","itemListElement":[{"@type":"ListItem","position":1,"name":"Home","item":"https:\/\/www.b-w-international.com\/fr\/"},{"@type":"ListItem","position":2,"name":"Produits","item":"https:\/\/www.b-w-international.com\/fr\/boutique\/"},{"@type":"ListItem","position":3,"name":"Coffret de pr\u00e9sentation","item":"https:\/\/www.b-w-international.com\/fr\/produkte\/coffret-de-presentation\/"},{"@type":"ListItem","position":4,"name":"Quantum.case PP.267 | B&amp;W Quantum T 3100"}]},{"@type":"WebSite","@id":"https:\/\/www.b-w-international.com\/fr\/#website","url":"https:\/\/www.b-w-international.com\/fr\/","name":"B&W International","description":"","publisher":{"@id":"https:\/\/www.b-w-international.com\/fr\/#organization"},"potentialAction":[{"@type":"SearchAction","target":{"@type":"EntryPoint","urlTemplate":"https:\/\/www.b-w-international.com\/fr\/?s={search_term_string}"},"query-input":{"@type":"PropertyValueSpecification","valueRequired":true,"valueName":"search_term_string"}}],"inLanguage":"fr-FR"},{"@type":"Organization","@id":"https:\/\/www.b-w-international.com\/fr\/#organization","name":"B&W International","url":"https:\/\/www.b-w-international.com\/fr\/","logo":{"@type":"ImageObject","inLanguage":"fr-FR","@id":"https:\/\/www.b-w-international.com\/fr\/#\/schema\/logo\/image\/","url":"https:\/\/www.b-w-international.com\/wp-content\/uploads\/2024\/12\/16dbfc312f1eb060e7d95735c00f9ec6.png","contentUrl":"https:\/\/www.b-w-international.com\/wp-content\/uploads\/2024\/12\/16dbfc312f1eb060e7d95735c00f9ec6.png","width":219,"height":82,"caption":"B&W International"},"image":{"@id":"https:\/\/www.b-w-international.com\/fr\/#\/schema\/logo\/image\/"}}]}},"_links":{"self":[{"href":"https:\/\/www.b-w-international.com\/fr\/wp-json\/wp\/v2\/product\/26450","targetHints":{"allow":["GET"]}}],"collection":[{"href":"https:\/\/www.b-w-international.com\/fr\/wp-json\/wp\/v2\/product"}],"about":[{"href":"https:\/\/www.b-w-international.com\/fr\/wp-json\/wp\/v2\/types\/product"}],"wp:featuredmedia":[{"embeddable":true,"href":"https:\/\/www.b-w-international.com\/fr\/wp-json\/wp\/v2\/media\/26454"}],"wp:attachment":[{"href":"https:\/\/www.b-w-international.com\/fr\/wp-json\/wp\/v2\/media?parent=26450"}],"wp:term":[{"taxonomy":"product_brand","embeddable":true,"href":"https:\/\/www.b-w-international.com\/fr\/wp-json\/wp\/v2\/product_brand?post=26450"},{"taxonomy":"product_cat","embeddable":true,"href":"https:\/\/www.b-w-international.com\/fr\/wp-json\/wp\/v2\/product_cat?post=26450"},{"taxonomy":"product_tag","embeddable":true,"href":"https:\/\/www.b-w-international.com\/fr\/wp-json\/wp\/v2\/product_tag?post=26450"}],"curies":[{"name":"wp","href":"https:\/\/api.w.org\/{rel}","templated":true}]}}